{"id":8425,"date":"2025-11-25T10:52:00","date_gmt":"2025-11-25T09:52:00","guid":{"rendered":"https:\/\/nordicbeet.nu.web09.webtohosting.dk\/?page_id=8425"},"modified":"2026-02-18T13:36:35","modified_gmt":"2026-02-18T12:36:35","slug":"jobb","status":"publish","type":"page","link":"https:\/\/nordicbeet.nu\/sv\/jobb\/","title":{"rendered":"Jobb"},"content":{"rendered":"<style>.kb-row-layout-id8425_9ad4ee-b4 > .kt-row-column-wrap{align-content:start;}:where(.kb-row-layout-id8425_9ad4ee-b4 > .kt-row-column-wrap) > .wp-block-kadence-column{justify-content:start;}.kb-row-layout-id8425_9ad4ee-b4 > .kt-row-column-wrap{column-gap:var(--global-kb-gap-md, 2rem);row-gap:var(--global-kb-gap-md, 2rem);max-width:var( --global-content-width, 1350px );padding-left:var(--global-content-edge-padding);padding-right:var(--global-content-edge-padding);padding-top:var(--global-kb-spacing-3xl, 6.5rem);padding-bottom:var(--global-kb-spacing-3xl, 6.5rem);grid-template-columns:repeat(2, minmax(0, 1fr));}.kb-row-layout-id8425_9ad4ee-b4 > .kt-row-layout-overlay{opacity:0.30;}@media all and (max-width: 1024px){.kb-row-layout-id8425_9ad4ee-b4 > .kt-row-column-wrap{column-gap:var(--global-kb-gap-md, 2rem);row-gap:var(--global-kb-gap-md, 2rem);padding-top:var(--global-kb-spacing-xl, 4rem);padding-bottom:var(--global-kb-spacing-xl, 4rem);grid-template-columns:repeat(2, minmax(0, 1fr));}}@media all and (max-width: 767px){.kb-row-layout-id8425_9ad4ee-b4 > .kt-row-column-wrap{column-gap:var(--global-kb-gap-md, 2rem);row-gap:var(--global-kb-gap-md, 2rem);padding-top:var(--global-kb-spacing-lg, 3rem);padding-bottom:var(--global-kb-spacing-lg, 3rem);grid-template-columns:minmax(0, 1fr);}}<\/style><div class=\"kb-row-layout-wrap kb-row-layout-id8425_9ad4ee-b4 alignnone wp-block-kadence-rowlayout\"><div class=\"kt-row-column-wrap kt-has-2-columns kt-row-layout-equal kt-tab-layout-inherit kt-mobile-layout-row kt-row-valign-top kt-inner-column-height-full kb-theme-content-width\">\n<style>.kadence-column8425_826cee-97 > .kt-inside-inner-col{padding-top:var(--global-kb-spacing-md, 2rem);padding-right:var(--global-kb-spacing-md, 2rem);padding-bottom:var(--global-kb-spacing-md, 2rem);padding-left:var(--global-kb-spacing-md, 2rem);}.kadence-column8425_826cee-97 > .kt-inside-inner-col,.kadence-column8425_826cee-97 > .kt-inside-inner-col:before{border-top-left-radius:1em;border-top-right-radius:1em;border-bottom-right-radius:1em;border-bottom-left-radius:1em;}.kadence-column8425_826cee-97 > .kt-inside-inner-col{column-gap:var(--global-kb-gap-sm, 1rem);}.kadence-column8425_826cee-97 > .kt-inside-inner-col{flex-direction:column;}.kadence-column8425_826cee-97 > .kt-inside-inner-col > .aligncenter{width:100%;}.kadence-column8425_826cee-97 > .kt-inside-inner-col{background-color:var(--global-palette9, #ffffff);}.kadence-column8425_826cee-97 > .kt-inside-inner-col:before{opacity:0.3;}.kadence-column8425_826cee-97{position:relative;}@media all and (max-width: 1024px){.kadence-column8425_826cee-97 > .kt-inside-inner-col{flex-direction:column;justify-content:center;}}@media all and (max-width: 767px){.kadence-column8425_826cee-97 > .kt-inside-inner-col{flex-direction:column;justify-content:center;}}<\/style>\n<div class=\"wp-block-kadence-column kadence-column8425_826cee-97\"><div class=\"kt-inside-inner-col\"><style>.wp-block-kadence-advancedheading.kt-adv-heading8425_400295-fb, .wp-block-kadence-advancedheading.kt-adv-heading8425_400295-fb[data-kb-block=\"kb-adv-heading8425_400295-fb\"]{font-style:normal;}.wp-block-kadence-advancedheading.kt-adv-heading8425_400295-fb mark.kt-highlight, .wp-block-kadence-advancedheading.kt-adv-heading8425_400295-fb[data-kb-block=\"kb-adv-heading8425_400295-fb\"] mark.kt-highlight{font-style:normal;color:#f76a0c;-webkit-box-decoration-break:clone;box-decoration-break:clone;padding-top:0px;padding-right:0px;padding-bottom:0px;padding-left:0px;}.wp-block-kadence-advancedheading.kt-adv-heading8425_400295-fb img.kb-inline-image, .wp-block-kadence-advancedheading.kt-adv-heading8425_400295-fb[data-kb-block=\"kb-adv-heading8425_400295-fb\"] img.kb-inline-image{width:150px;vertical-align:baseline;}@media all and (max-width: 767px){.wp-block-kadence-advancedheading.kt-adv-heading8425_400295-fb, .wp-block-kadence-advancedheading.kt-adv-heading8425_400295-fb[data-kb-block=\"kb-adv-heading8425_400295-fb\"]{font-size:22px;}}<\/style>\n<h2 class=\"kt-adv-heading8425_400295-fb wp-block-kadence-advancedheading\" data-kb-block=\"kb-adv-heading8425_400295-fb\">NBR (Nordic Beet Research) s\u00f6ker projektledare \/ forskare<\/h2>\n\n\n\n<p>Vill du ha ett jobb d\u00e4r du driver utvecklingen av odlingsmetoder i ett tv\u00e4rvetenskapligt team med ett tydligt m\u00e5l att st\u00e4rka dansk och svensk sockerbetsproduktion, d\u00e5 \u00e4r det h\u00e4r n\u00e5got f\u00f6r dig.<\/p>\n\n\n<style>.wp-block-kadence-advancedbtn.kb-btns8425_702b0a-a9{gap:var(--global-kb-gap-xs, 0.5rem );justify-content:flex-start;align-items:center;}.kt-btns8425_702b0a-a9 .kt-button{font-weight:normal;font-style:normal;}.kt-btns8425_702b0a-a9 .kt-btn-wrap-0{margin-right:5px;}.wp-block-kadence-advancedbtn.kt-btns8425_702b0a-a9 .kt-btn-wrap-0 .kt-button{color:#555555;border-color:#555555;}.wp-block-kadence-advancedbtn.kt-btns8425_702b0a-a9 .kt-btn-wrap-0 .kt-button:hover, .wp-block-kadence-advancedbtn.kt-btns8425_702b0a-a9 .kt-btn-wrap-0 .kt-button:focus{color:#ffffff;border-color:#444444;}.wp-block-kadence-advancedbtn.kt-btns8425_702b0a-a9 .kt-btn-wrap-0 .kt-button::before{display:none;}.wp-block-kadence-advancedbtn.kt-btns8425_702b0a-a9 .kt-btn-wrap-0 .kt-button:hover, .wp-block-kadence-advancedbtn.kt-btns8425_702b0a-a9 .kt-btn-wrap-0 .kt-button:focus{background:#444444;}<\/style>\n<div class=\"wp-block-kadence-advancedbtn kb-buttons-wrap kb-btns8425_702b0a-a9\"><style>ul.menu .wp-block-kadence-advancedbtn .kb-btn8425_3252be-56.kb-button{width:initial;}<\/style><a class=\"kb-button kt-button button kb-btn8425_3252be-56 kt-btn-size-standard kt-btn-width-type-auto kb-btn-global-inherit  kt-btn-has-text-true kt-btn-has-svg-false  wp-block-button__link wp-block-kadence-singlebtn\" href=\"https:\/\/nordicbeet.nu\/wp-content\/uploads\/NBR_Projektleder.pdf\" target=\"_blank\" rel=\"noreferrer noopener\"><span class=\"kt-btn-inner-text\">Se annonsen<\/span><\/a><\/div>\n<\/div><\/div>\n\n\n<style>.kadence-column8425_6e90bc-13 > .kt-inside-inner-col,.kadence-column8425_6e90bc-13 > .kt-inside-inner-col:before{border-top-left-radius:0px;border-top-right-radius:0px;border-bottom-right-radius:0px;border-bottom-left-radius:0px;}.kadence-column8425_6e90bc-13 > .kt-inside-inner-col{column-gap:var(--global-kb-gap-sm, 1rem);}.kadence-column8425_6e90bc-13 > .kt-inside-inner-col{flex-direction:column;}.kadence-column8425_6e90bc-13 > .kt-inside-inner-col > .aligncenter{width:100%;}.kadence-column8425_6e90bc-13 > .kt-inside-inner-col:before{opacity:0.3;}.kadence-column8425_6e90bc-13{position:relative;}@media all and (max-width: 1024px){.kadence-column8425_6e90bc-13 > .kt-inside-inner-col{flex-direction:column;justify-content:center;}}@media all and (max-width: 767px){.kadence-column8425_6e90bc-13 > .kt-inside-inner-col{flex-direction:column;justify-content:center;}}<\/style>\n<div class=\"wp-block-kadence-column kadence-column8425_6e90bc-13\"><div class=\"kt-inside-inner-col\"><\/div><\/div>\n\n<\/div><\/div>\n\n<style>.kb-row-layout-id8425_152ed8-1d > .kt-row-column-wrap{align-content:start;}:where(.kb-row-layout-id8425_152ed8-1d > .kt-row-column-wrap) > .wp-block-kadence-column{justify-content:start;}.kb-row-layout-id8425_152ed8-1d > .kt-row-column-wrap{column-gap:var(--global-kb-gap-lg, 4rem);row-gap:var(--global-kb-gap-lg, 4rem);max-width:var( --global-content-width, 1350px );padding-left:var(--global-content-edge-padding);padding-right:var(--global-content-edge-padding);padding-top:var(--global-kb-spacing-5xl, 10rem);padding-bottom:var(--global-kb-spacing-5xl, 10rem);grid-template-columns:minmax(0, 1fr);}.kb-row-layout-id8425_152ed8-1d > .kt-row-layout-overlay{opacity:0.30;}@media all and (min-width: 1025px){.kb-row-layout-id8425_152ed8-1d{display:none !important;}}@media all and (max-width: 1024px){.kb-row-layout-id8425_152ed8-1d > .kt-row-column-wrap{column-gap:var(--global-kb-gap-md, 2rem);row-gap:var(--global-kb-gap-md, 2rem);padding-top:var(--global-kb-spacing-xl, 4rem);padding-bottom:var(--global-kb-spacing-xl, 4rem);grid-template-columns:minmax(0, 1fr);}}@media all and (min-width: 768px) and (max-width: 1024px){.kb-row-layout-id8425_152ed8-1d{display:none !important;}}@media all and (max-width: 767px){.kb-row-layout-id8425_152ed8-1d > .kt-row-column-wrap{column-gap:var(--global-kb-gap-md, 2rem);row-gap:var(--global-kb-gap-md, 2rem);padding-top:var(--global-kb-spacing-lg, 3rem);padding-bottom:var(--global-kb-spacing-lg, 3rem);grid-template-columns:minmax(0, 1fr);}.kb-row-layout-id8425_152ed8-1d{display:none !important;}}<\/style><div class=\"kb-row-layout-wrap kb-row-layout-id8425_152ed8-1d alignnone kb-v-lg-hidden kb-v-md-hidden kb-v-sm-hidden wp-block-kadence-rowlayout\"><div class=\"kt-row-column-wrap kt-has-1-columns kt-row-layout-equal kt-tab-layout-inherit kt-mobile-layout-row kt-row-valign-top kb-theme-content-width\">\n<style>.kadence-column8425_7529b9-ff > .kt-inside-inner-col,.kadence-column8425_7529b9-ff > .kt-inside-inner-col:before{border-top-left-radius:0px;border-top-right-radius:0px;border-bottom-right-radius:0px;border-bottom-left-radius:0px;}.kadence-column8425_7529b9-ff > .kt-inside-inner-col{column-gap:var(--global-kb-gap-sm, 1rem);}.kadence-column8425_7529b9-ff > .kt-inside-inner-col{flex-direction:column;}.kadence-column8425_7529b9-ff > .kt-inside-inner-col > .aligncenter{width:100%;}.kadence-column8425_7529b9-ff > .kt-inside-inner-col:before{opacity:0.3;}.kadence-column8425_7529b9-ff{position:relative;}@media all and (max-width: 1024px){.kadence-column8425_7529b9-ff > .kt-inside-inner-col{flex-direction:column;justify-content:center;}}@media all and (max-width: 767px){.kadence-column8425_7529b9-ff > .kt-inside-inner-col{flex-direction:column;justify-content:center;}}<\/style>\n<div class=\"wp-block-kadence-column kadence-column8425_7529b9-ff\"><div class=\"kt-inside-inner-col\"><style>.wp-block-kadence-advancedheading.kt-adv-heading8425_e8989e-83, .wp-block-kadence-advancedheading.kt-adv-heading8425_e8989e-83[data-kb-block=\"kb-adv-heading8425_e8989e-83\"]{max-width:650px;margin-right:auto;margin-left:auto;text-align:center;font-style:normal;}.wp-block-kadence-advancedheading.kt-adv-heading8425_e8989e-83 mark.kt-highlight, .wp-block-kadence-advancedheading.kt-adv-heading8425_e8989e-83[data-kb-block=\"kb-adv-heading8425_e8989e-83\"] mark.kt-highlight{font-style:normal;color:#f76a0c;-webkit-box-decoration-break:clone;box-decoration-break:clone;padding-top:0px;padding-right:0px;padding-bottom:0px;padding-left:0px;}.wp-block-kadence-advancedheading.kt-adv-heading8425_e8989e-83 img.kb-inline-image, .wp-block-kadence-advancedheading.kt-adv-heading8425_e8989e-83[data-kb-block=\"kb-adv-heading8425_e8989e-83\"] img.kb-inline-image{width:150px;vertical-align:baseline;}<\/style>\n<h2 class=\"kt-adv-heading8425_e8989e-83 wp-block-kadence-advancedheading\" data-kb-block=\"kb-adv-heading8425_e8989e-83\">NBR (Nordic Beet Research) har f\u00f6r n\u00e4rvarande inga lediga tj\u00e4nster.<\/h2>\n<\/div><\/div>\n\n<\/div><\/div>","protected":false},"excerpt":{"rendered":"<p>NBR (Nordic Beet Research) s\u00f6ker projektledare \/ forskare Vill du ha ett jobb d\u00e4r du driver utvecklingen av odlingsmetoder i ett tv\u00e4rvetenskapligt team med ett tydligt m\u00e5l att st\u00e4rka dansk och svensk sockerbetsproduktion, d\u00e5 \u00e4r det h\u00e4r n\u00e5got f\u00f6r dig. NBR (Nordic Beet Research) har f\u00f6r n\u00e4rvarande inga lediga tj\u00e4nster.<\/p>\n","protected":false},"author":1,"featured_media":0,"parent":0,"menu_order":0,"comment_status":"closed","ping_status":"closed","template":"","meta":{"_acf_changed":false,"inline_featured_image":false,"_kad_blocks_custom_css":"","_kad_blocks_head_custom_js":"","_kad_blocks_body_custom_js":"","_kad_blocks_footer_custom_js":"","_kad_post_transparent":"","_kad_post_title":"","_kad_post_layout":"","_kad_post_sidebar_id":"","_kad_post_content_style":"","_kad_post_vertical_padding":"","_kad_post_feature":"","_kad_post_feature_position":"","_kad_post_header":false,"_kad_post_footer":false,"_kad_post_classname":"","footnotes":""},"class_list":["post-8425","page","type-page","status-publish","hentry"],"acf":[],"taxonomy_info":[],"featured_image_src_large":false,"author_info":{"display_name":"webto","author_link":"https:\/\/nordicbeet.nu\/sv\/author\/webto\/"},"comment_info":0,"_links":{"self":[{"href":"https:\/\/nordicbeet.nu\/sv\/wp-json\/wp\/v2\/pages\/8425","targetHints":{"allow":["GET"]}}],"collection":[{"href":"https:\/\/nordicbeet.nu\/sv\/wp-json\/wp\/v2\/pages"}],"about":[{"href":"https:\/\/nordicbeet.nu\/sv\/wp-json\/wp\/v2\/types\/page"}],"author":[{"embeddable":true,"href":"https:\/\/nordicbeet.nu\/sv\/wp-json\/wp\/v2\/users\/1"}],"replies":[{"embeddable":true,"href":"https:\/\/nordicbeet.nu\/sv\/wp-json\/wp\/v2\/comments?post=8425"}],"version-history":[{"count":3,"href":"https:\/\/nordicbeet.nu\/sv\/wp-json\/wp\/v2\/pages\/8425\/revisions"}],"predecessor-version":[{"id":17480,"href":"https:\/\/nordicbeet.nu\/sv\/wp-json\/wp\/v2\/pages\/8425\/revisions\/17480"}],"wp:attachment":[{"href":"https:\/\/nordicbeet.nu\/sv\/wp-json\/wp\/v2\/media?parent=8425"}],"curies":[{"name":"wp","href":"https:\/\/api.w.org\/{rel}","templated":true}]}}