{"id":17034,"date":"2026-02-02T13:29:04","date_gmt":"2026-02-02T12:29:04","guid":{"rendered":"https:\/\/nordicbeet.nu.web09.webtohosting.dk\/nbr-portaler\/sortfoersoek-interaktiv-instrumentpanel\/"},"modified":"2026-02-11T15:20:42","modified_gmt":"2026-02-11T14:20:42","slug":"sortfoersoek-interaktiv-instrumentpanel","status":"publish","type":"page","link":"https:\/\/nordicbeet.nu\/sv\/nbr-portaler\/sortfoersoek-interaktiv-instrumentpanel\/","title":{"rendered":"Sortf\u00f6rs\u00f6k &#8211; Interaktiv instrumentpanel"},"content":{"rendered":"<style>.kb-row-layout-id17034_b767c3-39 > .kt-row-column-wrap{align-content:start;}:where(.kb-row-layout-id17034_b767c3-39 > .kt-row-column-wrap) > .wp-block-kadence-column{justify-content:start;}.kb-row-layout-id17034_b767c3-39 > .kt-row-column-wrap{column-gap:var(--global-kb-gap-lg, 4rem);row-gap:var(--global-kb-gap-lg, 4rem);max-width:var( --global-content-width, 1350px );padding-left:var(--global-content-edge-padding);padding-right:var(--global-content-edge-padding);padding-top:var(--global-kb-spacing-3xl, 6.5rem);padding-bottom:var(--global-kb-spacing-3xl, 6.5rem);grid-template-columns:minmax(0, 1fr);}.kb-row-layout-id17034_b767c3-39 > .kt-row-layout-overlay{opacity:0.30;}@media all and (max-width: 1024px){.kb-row-layout-id17034_b767c3-39 > .kt-row-column-wrap{column-gap:var(--global-kb-gap-md, 2rem);row-gap:var(--global-kb-gap-md, 2rem);padding-top:var(--global-kb-spacing-xl, 4rem);padding-bottom:var(--global-kb-spacing-xl, 4rem);grid-template-columns:minmax(0, 1fr);}}@media all and (max-width: 767px){.kb-row-layout-id17034_b767c3-39 > .kt-row-column-wrap{column-gap:var(--global-kb-gap-md, 2rem);row-gap:var(--global-kb-gap-md, 2rem);padding-top:var(--global-kb-spacing-lg, 3rem);padding-bottom:var(--global-kb-spacing-lg, 3rem);grid-template-columns:minmax(0, 1fr);}}<\/style><div class=\"kb-row-layout-wrap kb-row-layout-id17034_b767c3-39 alignnone wp-block-kadence-rowlayout\"><div class=\"kt-row-column-wrap kt-has-1-columns kt-row-layout-equal kt-tab-layout-inherit kt-mobile-layout-row kt-row-valign-top kb-theme-content-width\">\n<style>.kadence-column17034_563141-75 > .kt-inside-inner-col,.kadence-column17034_563141-75 > .kt-inside-inner-col:before{border-top-left-radius:0px;border-top-right-radius:0px;border-bottom-right-radius:0px;border-bottom-left-radius:0px;}.kadence-column17034_563141-75 > .kt-inside-inner-col{column-gap:var(--global-kb-gap-sm, 1rem);}.kadence-column17034_563141-75 > .kt-inside-inner-col{flex-direction:column;}.kadence-column17034_563141-75 > .kt-inside-inner-col > .aligncenter{width:100%;}.kadence-column17034_563141-75 > .kt-inside-inner-col:before{opacity:0.3;}.kadence-column17034_563141-75{position:relative;}@media all and (max-width: 1024px){.kadence-column17034_563141-75 > .kt-inside-inner-col{flex-direction:column;justify-content:center;}}@media all and (max-width: 767px){.kadence-column17034_563141-75 > .kt-inside-inner-col{flex-direction:column;justify-content:center;}}<\/style>\n<div class=\"wp-block-kadence-column kadence-column17034_563141-75\"><div class=\"kt-inside-inner-col\">\n<p class=\"has-text-align-center\"><strong>Resultaten i enlighet med det danska branschavtalet, och p\u00e5 danska.<\/strong><br>F\u00f6r b\u00e4sta upplevelse i dashboardet, anv\u00e4nd helsk\u00e4rm: klicka p\u00e5 den dubbelriktade pilen l\u00e4ngst ned till h\u00f6ger.<\/p>\n\n\n<style>.kadence-column17034_025ac6-12 > .kt-inside-inner-col{display:flex;}.kadence-column17034_025ac6-12 > .kt-inside-inner-col,.kadence-column17034_025ac6-12 > .kt-inside-inner-col:before{border-top-left-radius:0px;border-top-right-radius:0px;border-bottom-right-radius:0px;border-bottom-left-radius:0px;}.kadence-column17034_025ac6-12 > .kt-inside-inner-col{column-gap:var(--global-kb-gap-sm, 1rem);}.kadence-column17034_025ac6-12 > .kt-inside-inner-col{flex-direction:column;align-items:center;}.kadence-column17034_025ac6-12 > .kt-inside-inner-col > .kb-image-is-ratio-size{align-self:stretch;}.kadence-column17034_025ac6-12 > .kt-inside-inner-col > .wp-block-kadence-advancedgallery{align-self:stretch;}.kadence-column17034_025ac6-12 > .kt-inside-inner-col > .aligncenter{width:100%;}.kadence-column17034_025ac6-12 > .kt-inside-inner-col:before{opacity:0.3;}.kadence-column17034_025ac6-12{position:relative;}@media all and (max-width: 1024px){.kadence-column17034_025ac6-12 > .kt-inside-inner-col{flex-direction:column;justify-content:center;align-items:center;}}@media all and (max-width: 767px){.kadence-column17034_025ac6-12 > .kt-inside-inner-col{flex-direction:column;justify-content:center;align-items:center;}}<\/style>\n<div class=\"wp-block-kadence-column kadence-column17034_025ac6-12\"><div class=\"kt-inside-inner-col\">\n<iframe title=\"Sort 2025 SE\" src=\"https:\/\/app.powerbi.com\/view?r=eyJrIjoiZjk3NjQ3ODYtOWJhOS00NmJkLWIwZDUtZDM2YTM4NjVkYWU0IiwidCI6ImYzN2FiYWVlLThlNzktNGZlMi1iODA0LTgyNzkwOTA2NjAyMiIsImMiOjl9\" width=\"800\" height=\"486\" frameborder=\"0\" allowfullscreen=\"allowfullscreen\"><\/iframe>\n<\/div><\/div>\n<\/div><\/div>\n\n<\/div><\/div>","protected":false},"excerpt":{"rendered":"<p>Resultaten i enlighet med det danska branschavtalet, och p\u00e5 danska.F\u00f6r b\u00e4sta upplevelse i dashboardet, anv\u00e4nd helsk\u00e4rm: klicka p\u00e5 den dubbelriktade pilen l\u00e4ngst ned till h\u00f6ger.<\/p>\n","protected":false},"author":1,"featured_media":0,"parent":16792,"menu_order":0,"comment_status":"closed","ping_status":"closed","template":"","meta":{"_acf_changed":false,"inline_featured_image":false,"_kad_blocks_custom_css":"","_kad_blocks_head_custom_js":"","_kad_blocks_body_custom_js":"","_kad_blocks_footer_custom_js":"","_kad_post_transparent":"","_kad_post_title":"","_kad_post_layout":"","_kad_post_sidebar_id":"","_kad_post_content_style":"","_kad_post_vertical_padding":"","_kad_post_feature":"","_kad_post_feature_position":"","_kad_post_header":false,"_kad_post_footer":false,"_kad_post_classname":"","footnotes":""},"class_list":["post-17034","page","type-page","status-publish","hentry"],"acf":[],"taxonomy_info":[],"featured_image_src_large":false,"author_info":{"display_name":"webto","author_link":"https:\/\/nordicbeet.nu\/sv\/author\/webto\/"},"comment_info":0,"_links":{"self":[{"href":"https:\/\/nordicbeet.nu\/sv\/wp-json\/wp\/v2\/pages\/17034","targetHints":{"allow":["GET"]}}],"collection":[{"href":"https:\/\/nordicbeet.nu\/sv\/wp-json\/wp\/v2\/pages"}],"about":[{"href":"https:\/\/nordicbeet.nu\/sv\/wp-json\/wp\/v2\/types\/page"}],"author":[{"embeddable":true,"href":"https:\/\/nordicbeet.nu\/sv\/wp-json\/wp\/v2\/users\/1"}],"replies":[{"embeddable":true,"href":"https:\/\/nordicbeet.nu\/sv\/wp-json\/wp\/v2\/comments?post=17034"}],"version-history":[{"count":2,"href":"https:\/\/nordicbeet.nu\/sv\/wp-json\/wp\/v2\/pages\/17034\/revisions"}],"predecessor-version":[{"id":17038,"href":"https:\/\/nordicbeet.nu\/sv\/wp-json\/wp\/v2\/pages\/17034\/revisions\/17038"}],"up":[{"embeddable":true,"href":"https:\/\/nordicbeet.nu\/sv\/wp-json\/wp\/v2\/pages\/16792"}],"wp:attachment":[{"href":"https:\/\/nordicbeet.nu\/sv\/wp-json\/wp\/v2\/media?parent=17034"}],"curies":[{"name":"wp","href":"https:\/\/api.w.org\/{rel}","templated":true}]}}