{"id":16752,"date":"2025-11-28T13:21:47","date_gmt":"2025-11-28T12:21:47","guid":{"rendered":"https:\/\/nordicbeet.nu.web09.webtohosting.dk\/kunskapsbank\/"},"modified":"2026-03-12T16:19:08","modified_gmt":"2026-03-12T15:19:08","slug":"kunskapsbank","status":"publish","type":"page","link":"https:\/\/nordicbeet.nu\/sv\/kunskapsbank\/","title":{"rendered":"Kunskapsbank"},"content":{"rendered":"<style>.kb-row-layout-id16752_206ed7-99 > .kt-row-column-wrap{align-content:start;}:where(.kb-row-layout-id16752_206ed7-99 > .kt-row-column-wrap) > .wp-block-kadence-column{justify-content:start;}.kb-row-layout-id16752_206ed7-99 > .kt-row-column-wrap{column-gap:var(--global-kb-gap-lg, 4rem);row-gap:var(--global-kb-gap-none, 0rem );max-width:var( --global-content-width, 1350px );padding-left:var(--global-content-edge-padding);padding-right:var(--global-content-edge-padding);padding-top:var(--global-kb-spacing-xl, 4rem);padding-bottom:var(--global-kb-spacing-3xl, 6.5rem);}.kb-row-layout-id16752_206ed7-99 > .kt-row-column-wrap > div:not(.added-for-specificity){grid-column:initial;}.kb-row-layout-id16752_206ed7-99 > .kt-row-column-wrap{grid-template-columns:minmax(0, 1fr);}.kb-row-layout-id16752_206ed7-99 > .kt-row-layout-overlay{opacity:0.30;}@media all and (max-width: 1024px){.kb-row-layout-id16752_206ed7-99 > .kt-row-column-wrap{column-gap:var(--global-kb-gap-md, 2rem);row-gap:var(--global-kb-gap-md, 2rem);padding-top:var(--global-kb-spacing-md, 2rem);padding-bottom:var(--global-kb-spacing-xl, 4rem);grid-template-columns:minmax(0, 1fr);}}@media all and (max-width: 1024px){.kb-row-layout-id16752_206ed7-99 > .kt-row-column-wrap > div:not(.added-for-specificity){grid-column:initial;}}@media all and (max-width: 767px){.kb-row-layout-id16752_206ed7-99 > .kt-row-column-wrap{column-gap:var(--global-kb-gap-md, 2rem);row-gap:var(--global-kb-gap-md, 2rem);padding-top:var(--global-kb-spacing-lg, 3rem);padding-bottom:var(--global-kb-spacing-lg, 3rem);grid-template-columns:minmax(0, 1fr);}.kb-row-layout-id16752_206ed7-99 > .kt-row-column-wrap > div:not(.added-for-specificity){grid-column:initial;}}<\/style><div class=\"kb-row-layout-wrap kb-row-layout-id16752_206ed7-99 alignnone wp-block-kadence-rowlayout\"><div class=\"kt-row-column-wrap kt-has-3-columns kt-row-layout-row kt-tab-layout-inherit kt-mobile-layout-row kt-row-valign-top kb-theme-content-width\">\n<style>.kadence-column16752_708758-08 > .kt-inside-inner-col,.kadence-column16752_708758-08 > .kt-inside-inner-col:before{border-top-left-radius:2em;border-top-right-radius:2em;border-bottom-right-radius:2em;border-bottom-left-radius:2em;}.kadence-column16752_708758-08 > .kt-inside-inner-col{column-gap:var(--global-kb-gap-sm, 1rem);}.kadence-column16752_708758-08 > .kt-inside-inner-col{flex-direction:column;}.kadence-column16752_708758-08 > .kt-inside-inner-col > .aligncenter{width:100%;}.kadence-column16752_708758-08 > .kt-inside-inner-col:before{opacity:0.3;}.kadence-column16752_708758-08{position:relative;}@media all and (max-width: 1024px){.kadence-column16752_708758-08 > .kt-inside-inner-col{flex-direction:column;justify-content:center;}}@media all and (max-width: 767px){.kadence-column16752_708758-08 > .kt-inside-inner-col{flex-direction:column;justify-content:center;}}<\/style>\n<div class=\"wp-block-kadence-column kadence-column16752_708758-08\"><div class=\"kt-inside-inner-col\"><style>.kb-row-layout-id16752_3d867a-65 > .kt-row-column-wrap{align-content:start;}:where(.kb-row-layout-id16752_3d867a-65 > .kt-row-column-wrap) > .wp-block-kadence-column{justify-content:start;}.kb-row-layout-id16752_3d867a-65 > .kt-row-column-wrap{column-gap:var(--global-kb-gap-lg, 4rem);row-gap:var(--global-kb-gap-lg, 4rem);max-width:1220px;margin-left:auto;margin-right:auto;padding-top:0px;padding-right:0px;padding-bottom:0px;padding-left:0px;grid-template-columns:minmax(0, 1fr);}.kb-row-layout-id16752_3d867a-65 > .kt-row-layout-overlay{opacity:0.30;}@media all and (max-width: 1024px){.kb-row-layout-id16752_3d867a-65 > .kt-row-column-wrap{column-gap:var(--global-kb-gap-md, 2rem);row-gap:var(--global-kb-gap-md, 2rem);padding-top:0px;padding-right:0px;padding-bottom:0px;padding-left:0px;grid-template-columns:minmax(0, 1fr);}}@media all and (max-width: 767px){.kb-row-layout-id16752_3d867a-65 > .kt-row-column-wrap{column-gap:var(--global-kb-gap-md, 2rem);row-gap:var(--global-kb-gap-md, 2rem);padding-top:0px;padding-right:0px;padding-bottom:0px;padding-left:0px;grid-template-columns:minmax(0, 1fr);}}<\/style><div class=\"kb-row-layout-wrap kb-row-layout-id16752_3d867a-65 alignnone wp-block-kadence-rowlayout\"><div class=\"kt-row-column-wrap kt-has-1-columns kt-row-layout-equal kt-tab-layout-inherit kt-mobile-layout-row kt-row-valign-top\">\n<style>.kadence-column16752_734471-08 > .kt-inside-inner-col,.kadence-column16752_734471-08 > .kt-inside-inner-col:before{border-top-left-radius:2em;border-top-right-radius:2em;border-bottom-right-radius:2em;border-bottom-left-radius:2em;}.kadence-column16752_734471-08 > .kt-inside-inner-col{column-gap:var(--global-kb-gap-sm, 1rem);}.kadence-column16752_734471-08 > .kt-inside-inner-col{flex-direction:column;}.kadence-column16752_734471-08 > .kt-inside-inner-col > .aligncenter{width:100%;}.kadence-column16752_734471-08 > .kt-inside-inner-col:before{opacity:0.3;}.kadence-column16752_734471-08{position:relative;}@media all and (max-width: 1024px){.kadence-column16752_734471-08 > .kt-inside-inner-col{flex-direction:column;justify-content:center;}}@media all and (max-width: 767px){.kadence-column16752_734471-08 > .kt-inside-inner-col{flex-direction:column;justify-content:center;}}<\/style>\n<div class=\"wp-block-kadence-column kadence-column16752_734471-08\"><div class=\"kt-inside-inner-col\"><style>.wp-block-kadence-advancedheading.kt-adv-heading16752_df8caa-2d, .wp-block-kadence-advancedheading.kt-adv-heading16752_df8caa-2d[data-kb-block=\"kb-adv-heading16752_df8caa-2d\"]{max-width:400px;font-style:normal;}.wp-block-kadence-advancedheading.kt-adv-heading16752_df8caa-2d mark.kt-highlight, .wp-block-kadence-advancedheading.kt-adv-heading16752_df8caa-2d[data-kb-block=\"kb-adv-heading16752_df8caa-2d\"] mark.kt-highlight{font-style:normal;color:#f76a0c;-webkit-box-decoration-break:clone;box-decoration-break:clone;padding-top:0px;padding-right:0px;padding-bottom:0px;padding-left:0px;}.wp-block-kadence-advancedheading.kt-adv-heading16752_df8caa-2d img.kb-inline-image, .wp-block-kadence-advancedheading.kt-adv-heading16752_df8caa-2d[data-kb-block=\"kb-adv-heading16752_df8caa-2d\"] img.kb-inline-image{width:150px;vertical-align:baseline;}<\/style>\n<h2 class=\"kt-adv-heading16752_df8caa-2d wp-block-kadence-advancedheading\" data-kb-block=\"kb-adv-heading16752_df8caa-2d\">Vi samlar kunskap f\u00f6r svenska betodlare<\/h2>\n\n\n<style>.wp-block-kadence-advancedheading.kt-adv-heading16752_0c49aa-22, .wp-block-kadence-advancedheading.kt-adv-heading16752_0c49aa-22[data-kb-block=\"kb-adv-heading16752_0c49aa-22\"]{font-style:normal;}.wp-block-kadence-advancedheading.kt-adv-heading16752_0c49aa-22 mark.kt-highlight, .wp-block-kadence-advancedheading.kt-adv-heading16752_0c49aa-22[data-kb-block=\"kb-adv-heading16752_0c49aa-22\"] mark.kt-highlight{font-style:normal;color:#f76a0c;-webkit-box-decoration-break:clone;box-decoration-break:clone;padding-top:0px;padding-right:0px;padding-bottom:0px;padding-left:0px;}.wp-block-kadence-advancedheading.kt-adv-heading16752_0c49aa-22 img.kb-inline-image, .wp-block-kadence-advancedheading.kt-adv-heading16752_0c49aa-22[data-kb-block=\"kb-adv-heading16752_0c49aa-22\"] img.kb-inline-image{width:150px;vertical-align:baseline;}<\/style>\n<p class=\"kt-adv-heading16752_0c49aa-22 wp-block-kadence-advancedheading\" data-kb-block=\"kb-adv-heading16752_0c49aa-22\">V\u00e4lj om du vill s\u00f6ka bland artiklar publicerade i Betodlaren och NBRs rapporter eller om du vill st\u00e4lla en fr\u00e5ga och f\u00e5 ett AI-genererat svar utifr\u00e5n relevanta k\u00e4llor. Om du har fr\u00e5gor eller synpunkter p\u00e5 den h\u00e4r s\u00f6kfunktionen \u00e4r du v\u00e4lkommen att kontakta oss.<\/p>\n<\/div><\/div>\n\n<\/div><\/div><\/div><\/div>\n\n\n<style>.kadence-column16752_9b22b9-7f > .kt-inside-inner-col,.kadence-column16752_9b22b9-7f > .kt-inside-inner-col:before{border-top-left-radius:0px;border-top-right-radius:0px;border-bottom-right-radius:0px;border-bottom-left-radius:0px;}.kadence-column16752_9b22b9-7f > .kt-inside-inner-col{column-gap:var(--global-kb-gap-sm, 1rem);}.kadence-column16752_9b22b9-7f > .kt-inside-inner-col{flex-direction:column;}.kadence-column16752_9b22b9-7f > .kt-inside-inner-col > .aligncenter{width:100%;}.kadence-column16752_9b22b9-7f > .kt-inside-inner-col:before{opacity:0.3;}.kadence-column16752_9b22b9-7f{position:relative;}@media all and (max-width: 1024px){.kadence-column16752_9b22b9-7f > .kt-inside-inner-col{flex-direction:column;justify-content:center;}}@media all and (max-width: 767px){.kadence-column16752_9b22b9-7f > .kt-inside-inner-col{flex-direction:column;justify-content:center;}}<\/style>\n<div class=\"wp-block-kadence-column kadence-column16752_9b22b9-7f\"><div class=\"kt-inside-inner-col\">\n<link rel=\"stylesheet\" href=\"https:\/\/betodlarna-prod.web.app\/app.css\" \/>\n<script type=\"module\" src=\"https:\/\/betodlarna-prod.web.app\/app.iife.js\"><\/script>\n<style>\nmain:has(#agdify-search) { z-index: 3;}\n.agdify__chat-modal__content { padding-top: 80px; }\n[class^=wp-block-kadence]:has(#agdify-search) { z-index: 2 !important; }\n<\/style>\n\n<div id=\"agdify-search\"><\/div>\n\n<div id=\"agdify-modal\"><\/div>\n\n<script type=\"module\">\n   window.Agdify.init({\n       defaultLanguage: 'da',\n       hideSearchIntro: true,\n  })\n<\/script>\n<\/div><\/div>\n\n\n<style>.kadence-column16752_aed748-0e > .kt-inside-inner-col,.kadence-column16752_aed748-0e > .kt-inside-inner-col:before{border-top-left-radius:0px;border-top-right-radius:0px;border-bottom-right-radius:0px;border-bottom-left-radius:0px;}.kadence-column16752_aed748-0e > .kt-inside-inner-col{column-gap:var(--global-kb-gap-sm, 1rem);}.kadence-column16752_aed748-0e > .kt-inside-inner-col{flex-direction:column;}.kadence-column16752_aed748-0e > .kt-inside-inner-col > .aligncenter{width:100%;}.kadence-column16752_aed748-0e > .kt-inside-inner-col:before{opacity:0.3;}.kadence-column16752_aed748-0e{position:relative;}@media all and (max-width: 1024px){.kadence-column16752_aed748-0e > .kt-inside-inner-col{flex-direction:column;justify-content:center;}}@media all and (max-width: 767px){.kadence-column16752_aed748-0e > .kt-inside-inner-col{flex-direction:column;justify-content:center;}}<\/style>\n<div class=\"wp-block-kadence-column kadence-column16752_aed748-0e\"><div class=\"kt-inside-inner-col\"><style>.kb-row-layout-id16752_0ea85c-14 > .kt-row-column-wrap{align-content:start;}:where(.kb-row-layout-id16752_0ea85c-14 > .kt-row-column-wrap) > .wp-block-kadence-column{justify-content:start;}.kb-row-layout-id16752_0ea85c-14 > .kt-row-column-wrap{column-gap:var(--global-kb-gap-lg, 4rem);row-gap:var(--global-kb-gap-lg, 4rem);max-width:1220px;margin-left:auto;margin-right:auto;padding-top:0px;padding-right:0px;padding-bottom:0px;padding-left:0px;grid-template-columns:minmax(0, 1fr);}.kb-row-layout-id16752_0ea85c-14 > .kt-row-layout-overlay{opacity:0.30;}@media all and (max-width: 1024px){.kb-row-layout-id16752_0ea85c-14 > .kt-row-column-wrap{column-gap:var(--global-kb-gap-md, 2rem);row-gap:var(--global-kb-gap-md, 2rem);padding-top:0px;padding-right:0px;padding-bottom:0px;padding-left:0px;grid-template-columns:minmax(0, 1fr);}}@media all and (max-width: 767px){.kb-row-layout-id16752_0ea85c-14 > .kt-row-column-wrap{column-gap:var(--global-kb-gap-md, 2rem);row-gap:var(--global-kb-gap-md, 2rem);padding-top:0px;padding-right:0px;padding-bottom:0px;padding-left:0px;grid-template-columns:minmax(0, 1fr);}}<\/style><div class=\"kb-row-layout-wrap kb-row-layout-id16752_0ea85c-14 alignnone wp-block-kadence-rowlayout\"><div class=\"kt-row-column-wrap kt-has-1-columns kt-row-layout-equal kt-tab-layout-inherit kt-mobile-layout-row kt-row-valign-top\">\n<style>.kadence-column16752_a85079-cc > .kt-inside-inner-col{padding-top:var(--global-kb-spacing-md, 2rem);padding-right:var(--global-kb-spacing-md, 2rem);padding-bottom:var(--global-kb-spacing-md, 2rem);padding-left:var(--global-kb-spacing-md, 2rem);}.kadence-column16752_a85079-cc > .kt-inside-inner-col,.kadence-column16752_a85079-cc > .kt-inside-inner-col:before{border-top-left-radius:2em;border-top-right-radius:2em;border-bottom-right-radius:2em;border-bottom-left-radius:2em;}.kadence-column16752_a85079-cc > .kt-inside-inner-col{column-gap:var(--global-kb-gap-sm, 1rem);}.kadence-column16752_a85079-cc > .kt-inside-inner-col{flex-direction:column;}.kadence-column16752_a85079-cc > .kt-inside-inner-col > .aligncenter{width:100%;}.kadence-column16752_a85079-cc > .kt-inside-inner-col{background-color:var(--global-palette9, #ffffff);}.kadence-column16752_a85079-cc > .kt-inside-inner-col:before{opacity:0.3;}.kadence-column16752_a85079-cc{position:relative;}@media all and (max-width: 1024px){.kadence-column16752_a85079-cc > .kt-inside-inner-col{flex-direction:column;justify-content:center;}}@media all and (max-width: 767px){.kadence-column16752_a85079-cc > .kt-inside-inner-col{flex-direction:column;justify-content:center;}}<\/style>\n<div class=\"wp-block-kadence-column kadence-column16752_a85079-cc\"><div class=\"kt-inside-inner-col\"><style>.wp-block-kadence-advancedheading.kt-adv-heading16752_224efa-53, .wp-block-kadence-advancedheading.kt-adv-heading16752_224efa-53[data-kb-block=\"kb-adv-heading16752_224efa-53\"]{font-size:var(--global-kb-font-size-md, 1.25rem);font-style:normal;}.wp-block-kadence-advancedheading.kt-adv-heading16752_224efa-53 mark.kt-highlight, .wp-block-kadence-advancedheading.kt-adv-heading16752_224efa-53[data-kb-block=\"kb-adv-heading16752_224efa-53\"] mark.kt-highlight{font-style:normal;color:#f76a0c;-webkit-box-decoration-break:clone;box-decoration-break:clone;padding-top:0px;padding-right:0px;padding-bottom:0px;padding-left:0px;}.wp-block-kadence-advancedheading.kt-adv-heading16752_224efa-53 img.kb-inline-image, .wp-block-kadence-advancedheading.kt-adv-heading16752_224efa-53[data-kb-block=\"kb-adv-heading16752_224efa-53\"] img.kb-inline-image{width:150px;vertical-align:baseline;}<\/style>\n<h2 class=\"kt-adv-heading16752_224efa-53 wp-block-kadence-advancedheading\" data-kb-block=\"kb-adv-heading16752_224efa-53\">Begr\u00e4nsat ansvar<\/h2>\n\n\n<style>.wp-block-kadence-advancedheading.kt-adv-heading16752_9d64ee-34, .wp-block-kadence-advancedheading.kt-adv-heading16752_9d64ee-34[data-kb-block=\"kb-adv-heading16752_9d64ee-34\"]{font-size:var(--global-kb-font-size-sm, 0.9rem);font-style:normal;}.wp-block-kadence-advancedheading.kt-adv-heading16752_9d64ee-34 mark.kt-highlight, .wp-block-kadence-advancedheading.kt-adv-heading16752_9d64ee-34[data-kb-block=\"kb-adv-heading16752_9d64ee-34\"] mark.kt-highlight{font-style:normal;color:#f76a0c;-webkit-box-decoration-break:clone;box-decoration-break:clone;padding-top:0px;padding-right:0px;padding-bottom:0px;padding-left:0px;}.wp-block-kadence-advancedheading.kt-adv-heading16752_9d64ee-34 img.kb-inline-image, .wp-block-kadence-advancedheading.kt-adv-heading16752_9d64ee-34[data-kb-block=\"kb-adv-heading16752_9d64ee-34\"] img.kb-inline-image{width:150px;vertical-align:baseline;}<\/style>\n<p class=\"kt-adv-heading16752_9d64ee-34 wp-block-kadence-advancedheading\" data-kb-block=\"kb-adv-heading16752_9d64ee-34\">NBR har tagit fram den h\u00e4r hemsidans detaljerade information s\u00e5 noggrant som m\u00f6jligt och med st\u00f6rsta omsorg, baserat p\u00e5 b\u00e5de interna och externa k\u00e4llor. Det \u00e4r anv\u00e4ndarens eget ansvar att kontrollera om de r\u00e5d och riktlinjer som ges \u00e4r aktuella f\u00f6r det specifika anv\u00e4ndningsomr\u00e5det.<br>Anv\u00e4ndare av denna webbplats accepterar att de anv\u00e4nder webbplatsen och dess inneh\u00e5ll p\u00e5 egen risk.<br>Etiketter och bruksanvisningar f\u00f6r specifika produkter samt g\u00e4llande lagstiftning m\u00e5ste alltid f\u00f6ljas \u2013 detta \u00e4r anv\u00e4ndarens ansvar.<br>Var s\u00e4rskilt uppm\u00e4rksam p\u00e5 att f\u00f6rs\u00f6ksresultat och rapporter p\u00e5 denna webbplats har sammanst\u00e4llts under flera \u00e5r och i flera l\u00e4nder (fr\u00e4mst Danmark och Sverige). Det kan d\u00e4rf\u00f6r f\u00f6rekomma f\u00f6rs\u00f6ksresultat med produkter d\u00e4r anv\u00e4ndningsomr\u00e5den, doser, tidpunkter med mera inte l\u00e4ngre \u00e4r aktuella. Det \u00e4r helt och h\u00e5llet anv\u00e4ndarens ansvar att s\u00e4kerst\u00e4lla att produkter anv\u00e4nds enligt g\u00e4llande lag.<\/p>\n<\/div><\/div>\n\n<\/div><\/div><\/div><\/div>\n\n<\/div><\/div>","protected":false},"excerpt":{"rendered":"<p>Vi samlar kunskap f\u00f6r svenska betodlare V\u00e4lj om du vill s\u00f6ka bland artiklar publicerade i Betodlaren och NBRs rapporter eller om du vill st\u00e4lla en fr\u00e5ga och f\u00e5 ett AI-genererat svar utifr\u00e5n relevanta k\u00e4llor. Om du har fr\u00e5gor eller synpunkter p\u00e5 den h\u00e4r s\u00f6kfunktionen \u00e4r du v\u00e4lkommen att kontakta oss. Begr\u00e4nsat ansvar NBR har tagit&#8230;<\/p>\n","protected":false},"author":1,"featured_media":0,"parent":0,"menu_order":0,"comment_status":"closed","ping_status":"closed","template":"","meta":{"_acf_changed":false,"inline_featured_image":false,"_kad_blocks_custom_css":"","_kad_blocks_head_custom_js":"","_kad_blocks_body_custom_js":"","_kad_blocks_footer_custom_js":"","_kad_post_transparent":"","_kad_post_title":"","_kad_post_layout":"","_kad_post_sidebar_id":"","_kad_post_content_style":"","_kad_post_vertical_padding":"","_kad_post_feature":"","_kad_post_feature_position":"","_kad_post_header":false,"_kad_post_footer":false,"_kad_post_classname":"","footnotes":""},"class_list":["post-16752","page","type-page","status-publish","hentry"],"acf":[],"taxonomy_info":[],"featured_image_src_large":false,"author_info":{"display_name":"webto","author_link":"https:\/\/nordicbeet.nu\/sv\/author\/webto\/"},"comment_info":0,"_links":{"self":[{"href":"https:\/\/nordicbeet.nu\/sv\/wp-json\/wp\/v2\/pages\/16752","targetHints":{"allow":["GET"]}}],"collection":[{"href":"https:\/\/nordicbeet.nu\/sv\/wp-json\/wp\/v2\/pages"}],"about":[{"href":"https:\/\/nordicbeet.nu\/sv\/wp-json\/wp\/v2\/types\/page"}],"author":[{"embeddable":true,"href":"https:\/\/nordicbeet.nu\/sv\/wp-json\/wp\/v2\/users\/1"}],"replies":[{"embeddable":true,"href":"https:\/\/nordicbeet.nu\/sv\/wp-json\/wp\/v2\/comments?post=16752"}],"version-history":[{"count":18,"href":"https:\/\/nordicbeet.nu\/sv\/wp-json\/wp\/v2\/pages\/16752\/revisions"}],"predecessor-version":[{"id":18034,"href":"https:\/\/nordicbeet.nu\/sv\/wp-json\/wp\/v2\/pages\/16752\/revisions\/18034"}],"wp:attachment":[{"href":"https:\/\/nordicbeet.nu\/sv\/wp-json\/wp\/v2\/media?parent=16752"}],"curies":[{"name":"wp","href":"https:\/\/api.w.org\/{rel}","templated":true}]}}