{"id":16725,"date":"2025-11-28T13:22:41","date_gmt":"2025-11-28T12:22:41","guid":{"rendered":"https:\/\/nordicbeet.nu.web09.webtohosting.dk\/cercospora\/"},"modified":"2026-02-18T14:46:29","modified_gmt":"2026-02-18T13:46:29","slug":"cercospora","status":"publish","type":"page","link":"https:\/\/nordicbeet.nu\/sv\/cercospora\/","title":{"rendered":"Cercospora"},"content":{"rendered":"<style>.kb-row-layout-id16725_1cf4b4-da > .kt-row-column-wrap{align-content:start;}:where(.kb-row-layout-id16725_1cf4b4-da > .kt-row-column-wrap) > .wp-block-kadence-column{justify-content:start;}.kb-row-layout-id16725_1cf4b4-da > .kt-row-column-wrap{column-gap:var(--global-kb-gap-lg, 4rem);row-gap:var(--global-kb-gap-md, 2rem);max-width:var( --global-content-width, 1350px );padding-left:var(--global-content-edge-padding);padding-right:var(--global-content-edge-padding);padding-top:var(--global-kb-spacing-3xl, 6.5rem);padding-bottom:var(--global-kb-spacing-3xl, 6.5rem);}.kb-row-layout-id16725_1cf4b4-da > .kt-row-column-wrap > *:nth-child(3n+1 of *:not(style)){grid-column:1 \/ -1;}.kb-row-layout-id16725_1cf4b4-da > .kt-row-column-wrap{grid-template-columns:repeat(2, minmax(0, 1fr));}.kb-row-layout-id16725_1cf4b4-da > .kt-row-layout-overlay{opacity:0.30;}@media all and (max-width: 1024px){.kb-row-layout-id16725_1cf4b4-da > .kt-row-column-wrap{column-gap:var(--global-kb-gap-md, 2rem);row-gap:var(--global-kb-gap-md, 2rem);padding-top:var(--global-kb-spacing-xl, 4rem);padding-bottom:var(--global-kb-spacing-xl, 4rem);grid-template-columns:repeat(2, minmax(0, 1fr));}}@media all and (max-width: 1024px){.kb-row-layout-id16725_1cf4b4-da > .kt-row-column-wrap > *:nth-child(3n+1 of *:not(style)){grid-column:1 \/ -1;}}@media all and (max-width: 767px){.kb-row-layout-id16725_1cf4b4-da > .kt-row-column-wrap{column-gap:var(--global-kb-gap-md, 2rem);row-gap:var(--global-kb-gap-md, 2rem);padding-top:var(--global-kb-spacing-lg, 3rem);padding-bottom:var(--global-kb-spacing-lg, 3rem);grid-template-columns:minmax(0, 1fr);}.kb-row-layout-id16725_1cf4b4-da > .kt-row-column-wrap > div:not(.added-for-specificity){grid-column:initial;}}<\/style><div class=\"kb-row-layout-wrap kb-row-layout-id16725_1cf4b4-da alignnone wp-block-kadence-rowlayout\"><div class=\"kt-row-column-wrap kt-has-3-columns kt-row-layout-first-row kt-tab-layout-inherit kt-mobile-layout-row kt-row-valign-top kb-theme-content-width\">\n<style>.kadence-column16725_a2dd42-fd > .kt-inside-inner-col,.kadence-column16725_a2dd42-fd > .kt-inside-inner-col:before{border-top-left-radius:0px;border-top-right-radius:0px;border-bottom-right-radius:0px;border-bottom-left-radius:0px;}.kadence-column16725_a2dd42-fd > .kt-inside-inner-col{column-gap:var(--global-kb-gap-sm, 1rem);}.kadence-column16725_a2dd42-fd > .kt-inside-inner-col{flex-direction:column;}.kadence-column16725_a2dd42-fd > .kt-inside-inner-col > .aligncenter{width:100%;}.kadence-column16725_a2dd42-fd > .kt-inside-inner-col:before{opacity:0.3;}.kadence-column16725_a2dd42-fd{position:relative;}@media all and (max-width: 1024px){.kadence-column16725_a2dd42-fd > .kt-inside-inner-col{flex-direction:column;justify-content:center;}}@media all and (max-width: 767px){.kadence-column16725_a2dd42-fd > .kt-inside-inner-col{flex-direction:column;justify-content:center;}}<\/style>\n<div class=\"wp-block-kadence-column kadence-column16725_a2dd42-fd\"><div class=\"kt-inside-inner-col\"><style>.wp-block-kadence-advancedheading.kt-adv-heading16725_c1eee2-3a, .wp-block-kadence-advancedheading.kt-adv-heading16725_c1eee2-3a[data-kb-block=\"kb-adv-heading16725_c1eee2-3a\"]{max-width:800px;font-size:var(--global-kb-font-size-xl, 3rem);line-height:1.3;font-style:normal;}.wp-block-kadence-advancedheading.kt-adv-heading16725_c1eee2-3a mark.kt-highlight, .wp-block-kadence-advancedheading.kt-adv-heading16725_c1eee2-3a[data-kb-block=\"kb-adv-heading16725_c1eee2-3a\"] mark.kt-highlight{font-style:normal;color:#f76a0c;-webkit-box-decoration-break:clone;box-decoration-break:clone;padding-top:0px;padding-right:0px;padding-bottom:0px;padding-left:0px;}.wp-block-kadence-advancedheading.kt-adv-heading16725_c1eee2-3a img.kb-inline-image, .wp-block-kadence-advancedheading.kt-adv-heading16725_c1eee2-3a[data-kb-block=\"kb-adv-heading16725_c1eee2-3a\"] img.kb-inline-image{width:150px;vertical-align:baseline;}<\/style>\n<h2 class=\"kt-adv-heading16725_c1eee2-3a wp-block-kadence-advancedheading\" data-kb-block=\"kb-adv-heading16725_c1eee2-3a\">Cercospora \u00e4r en allvarlig bladsvampssjukdom<\/h2>\n<\/div><\/div>\n\n\n<style>.kadence-column16725_25caaf-91 > .kt-inside-inner-col,.kadence-column16725_25caaf-91 > .kt-inside-inner-col:before{border-top-left-radius:0px;border-top-right-radius:0px;border-bottom-right-radius:0px;border-bottom-left-radius:0px;}.kadence-column16725_25caaf-91 > .kt-inside-inner-col{column-gap:var(--global-kb-gap-sm, 1rem);}.kadence-column16725_25caaf-91 > .kt-inside-inner-col{flex-direction:column;}.kadence-column16725_25caaf-91 > .kt-inside-inner-col > .aligncenter{width:100%;}.kadence-column16725_25caaf-91 > .kt-inside-inner-col:before{opacity:0.3;}.kadence-column16725_25caaf-91{position:relative;}@media all and (max-width: 1024px){.kadence-column16725_25caaf-91 > .kt-inside-inner-col{flex-direction:column;justify-content:center;}}@media all and (max-width: 767px){.kadence-column16725_25caaf-91 > .kt-inside-inner-col{flex-direction:column;justify-content:center;}}<\/style>\n<div class=\"wp-block-kadence-column kadence-column16725_25caaf-91\"><div class=\"kt-inside-inner-col\">\n<p>Den trivs i varmt och fuktigt klimat. Optimala f\u00f6rh\u00e5llanden f\u00f6r spridning och infektion \u00e4r 15\u201335 grader C. Det viktigaste f\u00f6r att en infektion ska ske \u00e4r att bladen \u00e4r fuktiga. Den prim\u00e4ra smittspridningen sker med sporer som f\u00f6rflyttar sig med vinden. Men spridning kan \u00e4ven ske genom att plantrester l\u00e4mnas kvar i f\u00e4ltet och kan d\u00e5 bli en k\u00e4lla till infektion f\u00f6ljande \u00e5r.    <\/p>\n\n\n\n<p>Fr\u00f6smitta \u00e4r konstaterad men spelar en mindre roll i kommersiell odling. Andra mindre smittspridningsv\u00e4gar \u00e4r regnst\u00e4nk, insekter, maskiner och m\u00e4nniskor.  <\/p>\n<\/div><\/div>\n\n\n<style>.kadence-column16725_588c79-67 > .kt-inside-inner-col,.kadence-column16725_588c79-67 > .kt-inside-inner-col:before{border-top-left-radius:0px;border-top-right-radius:0px;border-bottom-right-radius:0px;border-bottom-left-radius:0px;}.kadence-column16725_588c79-67 > .kt-inside-inner-col{column-gap:var(--global-kb-gap-sm, 1rem);}.kadence-column16725_588c79-67 > .kt-inside-inner-col{flex-direction:column;}.kadence-column16725_588c79-67 > .kt-inside-inner-col > .aligncenter{width:100%;}.kadence-column16725_588c79-67 > .kt-inside-inner-col:before{opacity:0.3;}.kadence-column16725_588c79-67{position:relative;}@media all and (max-width: 1024px){.kadence-column16725_588c79-67 > .kt-inside-inner-col{flex-direction:column;justify-content:center;}}@media all and (max-width: 767px){.kadence-column16725_588c79-67 > .kt-inside-inner-col{flex-direction:column;justify-content:center;}}<\/style>\n<div class=\"wp-block-kadence-column kadence-column16725_588c79-67\"><div class=\"kt-inside-inner-col\">\n<p>Sjukdomen orsakas av Cercospora beticola och den prim\u00e4ra v\u00e4rdv\u00e4xten \u00e4r sockerbetor. Dock kan den \u00e4ven infektera r\u00f6dbetor, foderbetor, mangold och spenat samt vissa ogr\u00e4s tex svinm\u00e5lla, amarant och vildsenap. Dessa v\u00e4xter kan allts\u00e5 ocks\u00e5 vara k\u00e4lla till smittspridning.   <\/p>\n\n\n\n<p>Oftast b\u00f6rjar symptomen komma i slutet p\u00e5 juli och det \u00e4r viktigt att bek\u00e4mpning p\u00e5b\u00f6rjas s\u00e5 snart som m\u00f6jligt efter konstaterad smitta. Vid kraftiga angrepp kan man f\u00e5 sk\u00f6rdef\u00f6rluster p\u00e5 upp till 40 %. <\/p>\n<\/div><\/div>\n\n<\/div><\/div>\n\n<style>.kb-row-layout-id16725_ada15a-ae > .kt-row-column-wrap{align-content:start;}:where(.kb-row-layout-id16725_ada15a-ae > .kt-row-column-wrap) > .wp-block-kadence-column{justify-content:start;}.kb-row-layout-id16725_ada15a-ae > .kt-row-column-wrap{column-gap:var(--global-kb-gap-lg, 4rem);row-gap:var(--global-kb-gap-md, 2rem);max-width:var( --global-content-width, 1350px );padding-left:var(--global-content-edge-padding);padding-right:var(--global-content-edge-padding);padding-top:var(--global-kb-spacing-3xl, 6.5rem);}.kb-row-layout-id16725_ada15a-ae > .kt-row-column-wrap > *:nth-child(3n+1 of *:not(style)){grid-column:1 \/ -1;}.kb-row-layout-id16725_ada15a-ae > .kt-row-column-wrap{grid-template-columns:repeat(2, minmax(0, 1fr));}.kb-row-layout-id16725_ada15a-ae > .kt-row-layout-overlay{opacity:0.30;}@media all and (max-width: 1024px){.kb-row-layout-id16725_ada15a-ae > .kt-row-column-wrap{column-gap:var(--global-kb-gap-md, 2rem);row-gap:var(--global-kb-gap-md, 2rem);padding-top:var(--global-kb-spacing-xl, 4rem);padding-bottom:0px;grid-template-columns:repeat(2, minmax(0, 1fr));}}@media all and (max-width: 1024px){.kb-row-layout-id16725_ada15a-ae > .kt-row-column-wrap > *:nth-child(3n+1 of *:not(style)){grid-column:1 \/ -1;}}@media all and (max-width: 767px){.kb-row-layout-id16725_ada15a-ae > .kt-row-column-wrap{column-gap:var(--global-kb-gap-md, 2rem);row-gap:var(--global-kb-gap-md, 2rem);padding-top:var(--global-kb-spacing-lg, 3rem);grid-template-columns:minmax(0, 1fr);}.kb-row-layout-id16725_ada15a-ae > .kt-row-column-wrap > div:not(.added-for-specificity){grid-column:initial;}}<\/style><div class=\"kb-row-layout-wrap kb-row-layout-id16725_ada15a-ae alignnone has-theme-palette9-background-color kt-row-has-bg wp-block-kadence-rowlayout\"><div class=\"kt-row-column-wrap kt-has-3-columns kt-row-layout-first-row kt-tab-layout-inherit kt-mobile-layout-row kt-row-valign-top kb-theme-content-width\">\n<style>.kadence-column16725_f84756-8b > .kt-inside-inner-col,.kadence-column16725_f84756-8b > .kt-inside-inner-col:before{border-top-left-radius:0px;border-top-right-radius:0px;border-bottom-right-radius:0px;border-bottom-left-radius:0px;}.kadence-column16725_f84756-8b > .kt-inside-inner-col{column-gap:var(--global-kb-gap-sm, 1rem);}.kadence-column16725_f84756-8b > .kt-inside-inner-col{flex-direction:column;}.kadence-column16725_f84756-8b > .kt-inside-inner-col > .aligncenter{width:100%;}.kadence-column16725_f84756-8b > .kt-inside-inner-col:before{opacity:0.3;}.kadence-column16725_f84756-8b{position:relative;}@media all and (max-width: 1024px){.kadence-column16725_f84756-8b > .kt-inside-inner-col{flex-direction:column;justify-content:center;}}@media all and (max-width: 767px){.kadence-column16725_f84756-8b > .kt-inside-inner-col{flex-direction:column;justify-content:center;}}<\/style>\n<div class=\"wp-block-kadence-column kadence-column16725_f84756-8b\"><div class=\"kt-inside-inner-col\"><style>.wp-block-kadence-advancedheading.kt-adv-heading16725_976721-03, .wp-block-kadence-advancedheading.kt-adv-heading16725_976721-03[data-kb-block=\"kb-adv-heading16725_976721-03\"]{max-width:500px;font-size:var(--global-kb-font-size-lg, 2rem);line-height:1.4;font-style:normal;}.wp-block-kadence-advancedheading.kt-adv-heading16725_976721-03 mark.kt-highlight, .wp-block-kadence-advancedheading.kt-adv-heading16725_976721-03[data-kb-block=\"kb-adv-heading16725_976721-03\"] mark.kt-highlight{font-style:normal;color:#f76a0c;-webkit-box-decoration-break:clone;box-decoration-break:clone;padding-top:0px;padding-right:0px;padding-bottom:0px;padding-left:0px;}.wp-block-kadence-advancedheading.kt-adv-heading16725_976721-03 img.kb-inline-image, .wp-block-kadence-advancedheading.kt-adv-heading16725_976721-03[data-kb-block=\"kb-adv-heading16725_976721-03\"] img.kb-inline-image{width:150px;vertical-align:baseline;}<\/style>\n<h2 class=\"kt-adv-heading16725_976721-03 wp-block-kadence-advancedheading\" data-kb-block=\"kb-adv-heading16725_976721-03\">P\u00e5 NBR g\u00f6r vi inokulerade Cercospora f\u00f6rs\u00f6k<\/h2>\n<\/div><\/div>\n\n\n<style>.kadence-column16725_56378e-bf > .kt-inside-inner-col,.kadence-column16725_56378e-bf > .kt-inside-inner-col:before{border-top-left-radius:0px;border-top-right-radius:0px;border-bottom-right-radius:0px;border-bottom-left-radius:0px;}.kadence-column16725_56378e-bf > .kt-inside-inner-col{column-gap:var(--global-kb-gap-sm, 1rem);}.kadence-column16725_56378e-bf > .kt-inside-inner-col{flex-direction:column;}.kadence-column16725_56378e-bf > .kt-inside-inner-col > .aligncenter{width:100%;}.kadence-column16725_56378e-bf > .kt-inside-inner-col:before{opacity:0.3;}.kadence-column16725_56378e-bf{position:relative;}@media all and (max-width: 1024px){.kadence-column16725_56378e-bf > .kt-inside-inner-col{flex-direction:column;justify-content:center;}}@media all and (max-width: 767px){.kadence-column16725_56378e-bf > .kt-inside-inner-col{flex-direction:column;justify-content:center;}}<\/style>\n<div class=\"wp-block-kadence-column kadence-column16725_56378e-bf\"><div class=\"kt-inside-inner-col\">\n<p>P\u00e5 NBR g\u00f6r vi inokulerade Cercospora f\u00f6rs\u00f6k b\u00e5de f\u00f6r att utv\u00e4rdera sorters tolerans och f\u00f6r att utv\u00e4rdera bek\u00e4mpningsmedel mot Cercospora. Vi anv\u00e4nder inokulerade f\u00f6rs\u00f6k d\u00e4r vi tills\u00e4tter svampen i f\u00f6rs\u00f6ken f\u00f6r att vara s\u00e4kra p\u00e5 att vi f\u00e5r en j\u00e4mn och stark infektion s\u00e5 att utv\u00e4rderingen blir tillf\u00f6rlitlig. <\/p>\n<\/div><\/div>\n\n\n<style>.kadence-column16725_39720c-11 > .kt-inside-inner-col,.kadence-column16725_39720c-11 > .kt-inside-inner-col:before{border-top-left-radius:0px;border-top-right-radius:0px;border-bottom-right-radius:0px;border-bottom-left-radius:0px;}.kadence-column16725_39720c-11 > .kt-inside-inner-col{column-gap:var(--global-kb-gap-sm, 1rem);}.kadence-column16725_39720c-11 > .kt-inside-inner-col{flex-direction:column;}.kadence-column16725_39720c-11 > .kt-inside-inner-col > .aligncenter{width:100%;}.kadence-column16725_39720c-11 > .kt-inside-inner-col:before{opacity:0.3;}.kadence-column16725_39720c-11{position:relative;}@media all and (max-width: 1024px){.kadence-column16725_39720c-11 > .kt-inside-inner-col{flex-direction:column;justify-content:center;}}@media all and (max-width: 767px){.kadence-column16725_39720c-11 > .kt-inside-inner-col{flex-direction:column;justify-content:center;}}<\/style>\n<div class=\"wp-block-kadence-column kadence-column16725_39720c-11\"><div class=\"kt-inside-inner-col\">\n<p>Under 2025 och b\u00f6rjan av 2026 har NBR en mastersstudent som arbetar med Cercospora. Han har f\u00f6ljt utvecklingen i f\u00e4lt under sommaren 2025 och arbetar under vintern med metodutveckling kring fungicidresistens. Carl-Hugo Jonsson som han heter kommer att f\u00f6rsvara sitt arbete under v\u00e5ren 2026.  <\/p>\n<\/div><\/div>\n\n<\/div><\/div>\n\n<style>.kb-row-layout-id16725_f196a2-9f > .kt-row-column-wrap{align-content:start;}:where(.kb-row-layout-id16725_f196a2-9f > .kt-row-column-wrap) > .wp-block-kadence-column{justify-content:start;}.kb-row-layout-id16725_f196a2-9f > .kt-row-column-wrap{column-gap:var(--global-kb-gap-lg, 4rem);row-gap:var(--global-kb-gap-md, 2rem);max-width:var( --global-content-width, 1350px );padding-left:var(--global-content-edge-padding);padding-right:var(--global-content-edge-padding);padding-top:var(--global-kb-spacing-xl, 4rem);padding-bottom:var(--global-kb-spacing-5xl, 10rem);grid-template-columns:repeat(2, minmax(0, 1fr));}.kb-row-layout-id16725_f196a2-9f > .kt-row-layout-overlay{opacity:0.30;}@media all and (max-width: 1024px){.kb-row-layout-id16725_f196a2-9f > .kt-row-column-wrap{column-gap:var(--global-kb-gap-md, 2rem);row-gap:var(--global-kb-gap-md, 2rem);padding-top:var(--global-kb-spacing-md, 2rem);padding-bottom:var(--global-kb-spacing-xl, 4rem);grid-template-columns:repeat(2, minmax(0, 1fr));}}@media all and (max-width: 767px){.kb-row-layout-id16725_f196a2-9f > .kt-row-column-wrap{column-gap:var(--global-kb-gap-md, 2rem);row-gap:var(--global-kb-gap-md, 2rem);padding-top:var(--global-kb-spacing-md, 2rem);padding-bottom:var(--global-kb-spacing-lg, 3rem);grid-template-columns:minmax(0, 1fr);}}<\/style><div class=\"kb-row-layout-wrap kb-row-layout-id16725_f196a2-9f alignnone has-theme-palette9-background-color kt-row-has-bg wp-block-kadence-rowlayout\"><div class=\"kt-row-column-wrap kt-has-2-columns kt-row-layout-equal kt-tab-layout-inherit kt-mobile-layout-row kt-row-valign-top kt-inner-column-height-full kb-theme-content-width\">\n<style>.kadence-column16725_4277a3-3d > .kt-inside-inner-col,.kadence-column16725_4277a3-3d > .kt-inside-inner-col:before{border-top-left-radius:0px;border-top-right-radius:0px;border-bottom-right-radius:0px;border-bottom-left-radius:0px;}.kadence-column16725_4277a3-3d > .kt-inside-inner-col{column-gap:var(--global-kb-gap-sm, 1rem);}.kadence-column16725_4277a3-3d > .kt-inside-inner-col{flex-direction:column;}.kadence-column16725_4277a3-3d > .kt-inside-inner-col > .aligncenter{width:100%;}.kadence-column16725_4277a3-3d > .kt-inside-inner-col:before{opacity:0.3;}.kadence-column16725_4277a3-3d{position:relative;}@media all and (max-width: 1024px){.kadence-column16725_4277a3-3d > .kt-inside-inner-col{flex-direction:column;justify-content:center;}}@media all and (max-width: 767px){.kadence-column16725_4277a3-3d > .kt-inside-inner-col{flex-direction:column;justify-content:center;}}<\/style>\n<div class=\"wp-block-kadence-column kadence-column16725_4277a3-3d\"><div class=\"kt-inside-inner-col\"><style>.wp-block-kadence-advancedheading.kt-adv-heading16725_7aa9a5-11, .wp-block-kadence-advancedheading.kt-adv-heading16725_7aa9a5-11[data-kb-block=\"kb-adv-heading16725_7aa9a5-11\"]{font-style:normal;}.wp-block-kadence-advancedheading.kt-adv-heading16725_7aa9a5-11 mark.kt-highlight, .wp-block-kadence-advancedheading.kt-adv-heading16725_7aa9a5-11[data-kb-block=\"kb-adv-heading16725_7aa9a5-11\"] mark.kt-highlight{font-style:normal;color:#f76a0c;-webkit-box-decoration-break:clone;box-decoration-break:clone;padding-top:0px;padding-right:0px;padding-bottom:0px;padding-left:0px;}.wp-block-kadence-advancedheading.kt-adv-heading16725_7aa9a5-11 img.kb-inline-image, .wp-block-kadence-advancedheading.kt-adv-heading16725_7aa9a5-11[data-kb-block=\"kb-adv-heading16725_7aa9a5-11\"] img.kb-inline-image{width:150px;vertical-align:baseline;}<\/style>\n<h2 class=\"kt-adv-heading16725_7aa9a5-11 wp-block-kadence-advancedheading\" data-kb-block=\"kb-adv-heading16725_7aa9a5-11\">Artiklar om Cercospora:<\/h2>\n\n\n<style>.wp-block-kadence-iconlist.kt-svg-icon-list-items16725_e55b33-4a:not(.this-stops-third-party-issues){margin-top:0px;margin-bottom:0px;}.wp-block-kadence-iconlist.kt-svg-icon-list-items16725_e55b33-4a ul.kt-svg-icon-list:not(.this-prevents-issues):not(.this-stops-third-party-issues):not(.tijsloc){margin-top:0px;margin-right:0px;margin-bottom:var(--global-kb-spacing-sm, 1.5rem);margin-left:0px;}.wp-block-kadence-iconlist.kt-svg-icon-list-items16725_e55b33-4a ul.kt-svg-icon-list{grid-row-gap:5px;}.wp-block-kadence-iconlist.kt-svg-icon-list-items16725_e55b33-4a ul.kt-svg-icon-list .kt-svg-icon-list-item-wrap .kt-svg-icon-list-single{margin-right:10px;}.kt-svg-icon-list-items16725_e55b33-4a ul.kt-svg-icon-list .kt-svg-icon-list-level-0 .kt-svg-icon-list-single svg{font-size:20px;}<\/style>\n<div class=\"wp-block-kadence-iconlist kt-svg-icon-list-items kt-svg-icon-list-items16725_e55b33-4a kt-svg-icon-list-columns-1 alignnone\"><ul class=\"kt-svg-icon-list\"><style>.kt-svg-icon-list-item-16725_bce20a-c5 .kt-svg-icon-list-text mark.kt-highlight{background-color:unset;font-style:normal;color:#f76a0c;-webkit-box-decoration-break:clone;box-decoration-break:clone;padding-top:0px;padding-right:0px;padding-bottom:0px;padding-left:0px;}<\/style>\n<li class=\"wp-block-kadence-listitem kt-svg-icon-list-item-wrap kt-svg-icon-list-item-16725_bce20a-c5\"><span class=\"kb-svg-icon-wrap kb-svg-icon-fe_checkCircle kt-svg-icon-list-single\"><svg viewBox=\"0 0 24 24\"  fill=\"none\" stroke=\"currentColor\" stroke-width=\"2\" stroke-linecap=\"round\" stroke-linejoin=\"round\" xmlns=\"http:\/\/www.w3.org\/2000\/svg\"  aria-hidden=\"true\"><path d=\"M22 11.08V12a10 10 0 1 1-5.93-9.14\"\/><polyline points=\"22 4 12 14.01 9 11.01\"\/><\/svg><\/span><span class=\"kt-svg-icon-list-text\">Betodlaren 2025#4 Stark \u00f6kning av Cercospora<\/span><\/li>\n\n\n<style>.kt-svg-icon-list-item-16725_bdd921-4d .kt-svg-icon-list-text mark.kt-highlight{background-color:unset;font-style:normal;color:#f76a0c;-webkit-box-decoration-break:clone;box-decoration-break:clone;padding-top:0px;padding-right:0px;padding-bottom:0px;padding-left:0px;}<\/style>\n<li class=\"wp-block-kadence-listitem kt-svg-icon-list-item-wrap kt-svg-icon-list-item-16725_bdd921-4d\"><span class=\"kb-svg-icon-wrap kb-svg-icon-fe_checkCircle kt-svg-icon-list-single\"><svg viewBox=\"0 0 24 24\"  fill=\"none\" stroke=\"currentColor\" stroke-width=\"2\" stroke-linecap=\"round\" stroke-linejoin=\"round\" xmlns=\"http:\/\/www.w3.org\/2000\/svg\"  aria-hidden=\"true\"><path d=\"M22 11.08V12a10 10 0 1 1-5.93-9.14\"\/><polyline points=\"22 4 12 14.01 9 11.01\"\/><\/svg><\/span><span class=\"kt-svg-icon-list-text\">Betodlaren 2025#2 Lyckade f\u00f6rs\u00f6k med Cercospora<\/span><\/li>\n\n\n<style>.kt-svg-icon-list-item-16725_142526-5a .kt-svg-icon-list-text mark.kt-highlight{background-color:unset;font-style:normal;color:#f76a0c;-webkit-box-decoration-break:clone;box-decoration-break:clone;padding-top:0px;padding-right:0px;padding-bottom:0px;padding-left:0px;}<\/style>\n<li class=\"wp-block-kadence-listitem kt-svg-icon-list-item-wrap kt-svg-icon-list-item-16725_142526-5a\"><span class=\"kb-svg-icon-wrap kb-svg-icon-fe_checkCircle kt-svg-icon-list-single\"><svg viewBox=\"0 0 24 24\"  fill=\"none\" stroke=\"currentColor\" stroke-width=\"2\" stroke-linecap=\"round\" stroke-linejoin=\"round\" xmlns=\"http:\/\/www.w3.org\/2000\/svg\"  aria-hidden=\"true\"><path d=\"M22 11.08V12a10 10 0 1 1-5.93-9.14\"\/><polyline points=\"22 4 12 14.01 9 11.01\"\/><\/svg><\/span><span class=\"kt-svg-icon-list-text\">Betodlaren 2024#3 Cercospora \u2013 b\u00e4ttre f\u00f6rekomma \u00e4n f\u00f6rekommas<\/span><\/li>\n\n\n<style>.kt-svg-icon-list-item-16725_c870fe-2c .kt-svg-icon-list-text mark.kt-highlight{background-color:unset;font-style:normal;color:#f76a0c;-webkit-box-decoration-break:clone;box-decoration-break:clone;padding-top:0px;padding-right:0px;padding-bottom:0px;padding-left:0px;}<\/style>\n<li class=\"wp-block-kadence-listitem kt-svg-icon-list-item-wrap kt-svg-icon-list-item-16725_c870fe-2c\"><span class=\"kb-svg-icon-wrap kb-svg-icon-fe_checkCircle kt-svg-icon-list-single\"><svg viewBox=\"0 0 24 24\"  fill=\"none\" stroke=\"currentColor\" stroke-width=\"2\" stroke-linecap=\"round\" stroke-linejoin=\"round\" xmlns=\"http:\/\/www.w3.org\/2000\/svg\"  aria-hidden=\"true\"><path d=\"M22 11.08V12a10 10 0 1 1-5.93-9.14\"\/><polyline points=\"22 4 12 14.01 9 11.01\"\/><\/svg><\/span><span class=\"kt-svg-icon-list-text\">Sukkerroenyt 2025#4 Meget Cercospora i roemarkerne 2025<\/span><\/li>\n\n\n<style>.kt-svg-icon-list-item-16725_0b9b6b-4c .kt-svg-icon-list-text mark.kt-highlight{background-color:unset;font-style:normal;color:#f76a0c;-webkit-box-decoration-break:clone;box-decoration-break:clone;padding-top:0px;padding-right:0px;padding-bottom:0px;padding-left:0px;}<\/style>\n<li class=\"wp-block-kadence-listitem kt-svg-icon-list-item-wrap kt-svg-icon-list-item-16725_0b9b6b-4c\"><span class=\"kb-svg-icon-wrap kb-svg-icon-fe_checkCircle kt-svg-icon-list-single\"><svg viewBox=\"0 0 24 24\"  fill=\"none\" stroke=\"currentColor\" stroke-width=\"2\" stroke-linecap=\"round\" stroke-linejoin=\"round\" xmlns=\"http:\/\/www.w3.org\/2000\/svg\"  aria-hidden=\"true\"><path d=\"M22 11.08V12a10 10 0 1 1-5.93-9.14\"\/><polyline points=\"22 4 12 14.01 9 11.01\"\/><\/svg><\/span><span class=\"kt-svg-icon-list-text\">Sukkerroenyt 2025#1 Cercospora \u2013 at v\u00e6re forberedt til fremtiden<\/span><\/li>\n<\/ul><\/div>\n<\/div><\/div>\n\n\n<style>.kadence-column16725_1fdc81-68 > .kt-inside-inner-col{min-height:300px;}.kadence-column16725_1fdc81-68 > .kt-inside-inner-col,.kadence-column16725_1fdc81-68 > .kt-inside-inner-col:before{border-top-left-radius:2em;border-top-right-radius:2em;border-bottom-right-radius:2em;border-bottom-left-radius:2em;}.kadence-column16725_1fdc81-68 > .kt-inside-inner-col{column-gap:var(--global-kb-gap-sm, 1rem);}.kadence-column16725_1fdc81-68 > .kt-inside-inner-col{flex-direction:column;}.kadence-column16725_1fdc81-68 > .kt-inside-inner-col > .aligncenter{width:100%;}.kadence-column16725_1fdc81-68 > .kt-inside-inner-col{background-image:url('https:\/\/nordicbeet.nu\/wp-content\/uploads\/IMGL2763-1536x1024.jpg');background-size:cover;background-position:center center;background-attachment:scroll;background-repeat:no-repeat;}.kadence-column16725_1fdc81-68 > .kt-inside-inner-col:before{opacity:0.3;}.kadence-column16725_1fdc81-68{position:relative;}@media all and (max-width: 1024px){.kadence-column16725_1fdc81-68 > .kt-inside-inner-col{flex-direction:column;justify-content:center;}}@media all and (max-width: 767px){.kadence-column16725_1fdc81-68 > .kt-inside-inner-col{flex-direction:column;justify-content:center;}}<\/style>\n<div class=\"wp-block-kadence-column kadence-column16725_1fdc81-68\"><div class=\"kt-inside-inner-col\"><\/div><\/div>\n\n<\/div><\/div>","protected":false},"excerpt":{"rendered":"<p>Cercospora \u00e4r en allvarlig bladsvampssjukdom Den trivs i varmt och fuktigt klimat. Optimala f\u00f6rh\u00e5llanden f\u00f6r spridning och infektion \u00e4r 15\u201335 grader C. Det viktigaste f\u00f6r att en infektion ska ske \u00e4r att bladen \u00e4r fuktiga. Den prim\u00e4ra smittspridningen sker med sporer som f\u00f6rflyttar sig med vinden. Men spridning kan \u00e4ven ske genom att plantrester l\u00e4mnas&#8230;<\/p>\n","protected":false},"author":1,"featured_media":0,"parent":0,"menu_order":0,"comment_status":"closed","ping_status":"closed","template":"","meta":{"_acf_changed":false,"inline_featured_image":false,"_kad_blocks_custom_css":"","_kad_blocks_head_custom_js":"","_kad_blocks_body_custom_js":"","_kad_blocks_footer_custom_js":"","_kad_post_transparent":"","_kad_post_title":"","_kad_post_layout":"","_kad_post_sidebar_id":"","_kad_post_content_style":"","_kad_post_vertical_padding":"","_kad_post_feature":"","_kad_post_feature_position":"","_kad_post_header":false,"_kad_post_footer":false,"_kad_post_classname":"","footnotes":""},"class_list":["post-16725","page","type-page","status-publish","hentry"],"acf":[],"taxonomy_info":[],"featured_image_src_large":false,"author_info":{"display_name":"webto","author_link":"https:\/\/nordicbeet.nu\/sv\/author\/webto\/"},"comment_info":0,"_links":{"self":[{"href":"https:\/\/nordicbeet.nu\/sv\/wp-json\/wp\/v2\/pages\/16725","targetHints":{"allow":["GET"]}}],"collection":[{"href":"https:\/\/nordicbeet.nu\/sv\/wp-json\/wp\/v2\/pages"}],"about":[{"href":"https:\/\/nordicbeet.nu\/sv\/wp-json\/wp\/v2\/types\/page"}],"author":[{"embeddable":true,"href":"https:\/\/nordicbeet.nu\/sv\/wp-json\/wp\/v2\/users\/1"}],"replies":[{"embeddable":true,"href":"https:\/\/nordicbeet.nu\/sv\/wp-json\/wp\/v2\/comments?post=16725"}],"version-history":[{"count":10,"href":"https:\/\/nordicbeet.nu\/sv\/wp-json\/wp\/v2\/pages\/16725\/revisions"}],"predecessor-version":[{"id":17500,"href":"https:\/\/nordicbeet.nu\/sv\/wp-json\/wp\/v2\/pages\/16725\/revisions\/17500"}],"wp:attachment":[{"href":"https:\/\/nordicbeet.nu\/sv\/wp-json\/wp\/v2\/media?parent=16725"}],"curies":[{"name":"wp","href":"https:\/\/api.w.org\/{rel}","templated":true}]}}