{"id":16723,"date":"2025-11-28T13:22:41","date_gmt":"2025-11-28T12:22:41","guid":{"rendered":"https:\/\/nordicbeet.nu.web09.webtohosting.dk\/cercospora\/"},"modified":"2026-02-18T12:05:34","modified_gmt":"2026-02-18T11:05:34","slug":"cercospora","status":"publish","type":"page","link":"https:\/\/nordicbeet.nu\/en\/cercospora\/","title":{"rendered":"Cercospora"},"content":{"rendered":"<style>.kb-row-layout-id16723_5856a6-83 > .kt-row-column-wrap{align-content:start;}:where(.kb-row-layout-id16723_5856a6-83 > .kt-row-column-wrap) > .wp-block-kadence-column{justify-content:start;}.kb-row-layout-id16723_5856a6-83 > .kt-row-column-wrap{column-gap:var(--global-kb-gap-lg, 4rem);row-gap:var(--global-kb-gap-md, 2rem);max-width:var( --global-content-width, 1350px );padding-left:var(--global-content-edge-padding);padding-right:var(--global-content-edge-padding);padding-top:var(--global-kb-spacing-3xl, 6.5rem);padding-bottom:var(--global-kb-spacing-3xl, 6.5rem);}.kb-row-layout-id16723_5856a6-83 > .kt-row-column-wrap > *:nth-child(3n+1 of *:not(style)){grid-column:1 \/ -1;}.kb-row-layout-id16723_5856a6-83 > .kt-row-column-wrap{grid-template-columns:repeat(2, minmax(0, 1fr));}.kb-row-layout-id16723_5856a6-83 > .kt-row-layout-overlay{opacity:0.30;}@media all and (max-width: 1024px){.kb-row-layout-id16723_5856a6-83 > .kt-row-column-wrap{column-gap:var(--global-kb-gap-md, 2rem);row-gap:var(--global-kb-gap-md, 2rem);padding-top:var(--global-kb-spacing-xl, 4rem);padding-bottom:var(--global-kb-spacing-xl, 4rem);grid-template-columns:repeat(2, minmax(0, 1fr));}}@media all and (max-width: 1024px){.kb-row-layout-id16723_5856a6-83 > .kt-row-column-wrap > *:nth-child(3n+1 of *:not(style)){grid-column:1 \/ -1;}}@media all and (max-width: 767px){.kb-row-layout-id16723_5856a6-83 > .kt-row-column-wrap{column-gap:var(--global-kb-gap-md, 2rem);row-gap:var(--global-kb-gap-md, 2rem);padding-top:var(--global-kb-spacing-lg, 3rem);padding-bottom:var(--global-kb-spacing-lg, 3rem);grid-template-columns:minmax(0, 1fr);}.kb-row-layout-id16723_5856a6-83 > .kt-row-column-wrap > div:not(.added-for-specificity){grid-column:initial;}}<\/style><div class=\"kb-row-layout-wrap kb-row-layout-id16723_5856a6-83 alignnone wp-block-kadence-rowlayout\"><div class=\"kt-row-column-wrap kt-has-3-columns kt-row-layout-first-row kt-tab-layout-inherit kt-mobile-layout-row kt-row-valign-top kb-theme-content-width\">\n<style>.kadence-column16723_00a2be-60 > .kt-inside-inner-col,.kadence-column16723_00a2be-60 > .kt-inside-inner-col:before{border-top-left-radius:0px;border-top-right-radius:0px;border-bottom-right-radius:0px;border-bottom-left-radius:0px;}.kadence-column16723_00a2be-60 > .kt-inside-inner-col{column-gap:var(--global-kb-gap-sm, 1rem);}.kadence-column16723_00a2be-60 > .kt-inside-inner-col{flex-direction:column;}.kadence-column16723_00a2be-60 > .kt-inside-inner-col > .aligncenter{width:100%;}.kadence-column16723_00a2be-60 > .kt-inside-inner-col:before{opacity:0.3;}.kadence-column16723_00a2be-60{position:relative;}@media all and (max-width: 1024px){.kadence-column16723_00a2be-60 > .kt-inside-inner-col{flex-direction:column;justify-content:center;}}@media all and (max-width: 767px){.kadence-column16723_00a2be-60 > .kt-inside-inner-col{flex-direction:column;justify-content:center;}}<\/style>\n<div class=\"wp-block-kadence-column kadence-column16723_00a2be-60\"><div class=\"kt-inside-inner-col\"><style>.wp-block-kadence-advancedheading.kt-adv-heading16723_9148b2-b4, .wp-block-kadence-advancedheading.kt-adv-heading16723_9148b2-b4[data-kb-block=\"kb-adv-heading16723_9148b2-b4\"]{max-width:800px;font-size:var(--global-kb-font-size-xl, 3rem);line-height:1.3;font-style:normal;}.wp-block-kadence-advancedheading.kt-adv-heading16723_9148b2-b4 mark.kt-highlight, .wp-block-kadence-advancedheading.kt-adv-heading16723_9148b2-b4[data-kb-block=\"kb-adv-heading16723_9148b2-b4\"] mark.kt-highlight{font-style:normal;color:#f76a0c;-webkit-box-decoration-break:clone;box-decoration-break:clone;padding-top:0px;padding-right:0px;padding-bottom:0px;padding-left:0px;}.wp-block-kadence-advancedheading.kt-adv-heading16723_9148b2-b4 img.kb-inline-image, .wp-block-kadence-advancedheading.kt-adv-heading16723_9148b2-b4[data-kb-block=\"kb-adv-heading16723_9148b2-b4\"] img.kb-inline-image{width:150px;vertical-align:baseline;}<\/style>\n<h2 class=\"kt-adv-heading16723_9148b2-b4 wp-block-kadence-advancedheading\" data-kb-block=\"kb-adv-heading16723_9148b2-b4\">Cercospora is a serious leaf fungal disease<\/h2>\n<\/div><\/div>\n\n\n<style>.kadence-column16723_da2c94-f1 > .kt-inside-inner-col,.kadence-column16723_da2c94-f1 > .kt-inside-inner-col:before{border-top-left-radius:0px;border-top-right-radius:0px;border-bottom-right-radius:0px;border-bottom-left-radius:0px;}.kadence-column16723_da2c94-f1 > .kt-inside-inner-col{column-gap:var(--global-kb-gap-sm, 1rem);}.kadence-column16723_da2c94-f1 > .kt-inside-inner-col{flex-direction:column;}.kadence-column16723_da2c94-f1 > .kt-inside-inner-col > .aligncenter{width:100%;}.kadence-column16723_da2c94-f1 > .kt-inside-inner-col:before{opacity:0.3;}.kadence-column16723_da2c94-f1{position:relative;}@media all and (max-width: 1024px){.kadence-column16723_da2c94-f1 > .kt-inside-inner-col{flex-direction:column;justify-content:center;}}@media all and (max-width: 767px){.kadence-column16723_da2c94-f1 > .kt-inside-inner-col{flex-direction:column;justify-content:center;}}<\/style>\n<div class=\"wp-block-kadence-column kadence-column16723_da2c94-f1\"><div class=\"kt-inside-inner-col\">\n<p>It thrives in warm and humid climates. Optimal conditions for spread and infection are 15\u201335\u00b0C. The most important factor for an infection to occur is that the leaves are moist. The primary spread of infection occurs via spores that are carried by the wind. However, spread can also occur when plant residues are left in the field and can become a source of infection the following year. <\/p>\n\n\n\n<p>Seed-borne transmission has been confirmed, but plays a minor role in commercial cultivation. Other minor routes of spread are rain splash, insects, machinery, and people. <\/p>\n<\/div><\/div>\n\n\n<style>.kadence-column16723_c90057-91 > .kt-inside-inner-col,.kadence-column16723_c90057-91 > .kt-inside-inner-col:before{border-top-left-radius:0px;border-top-right-radius:0px;border-bottom-right-radius:0px;border-bottom-left-radius:0px;}.kadence-column16723_c90057-91 > .kt-inside-inner-col{column-gap:var(--global-kb-gap-sm, 1rem);}.kadence-column16723_c90057-91 > .kt-inside-inner-col{flex-direction:column;}.kadence-column16723_c90057-91 > .kt-inside-inner-col > .aligncenter{width:100%;}.kadence-column16723_c90057-91 > .kt-inside-inner-col:before{opacity:0.3;}.kadence-column16723_c90057-91{position:relative;}@media all and (max-width: 1024px){.kadence-column16723_c90057-91 > .kt-inside-inner-col{flex-direction:column;justify-content:center;}}@media all and (max-width: 767px){.kadence-column16723_c90057-91 > .kt-inside-inner-col{flex-direction:column;justify-content:center;}}<\/style>\n<div class=\"wp-block-kadence-column kadence-column16723_c90057-91\"><div class=\"kt-inside-inner-col\">\n<p>The disease is caused by Cercospora beticola, and the primary host plant is sugar beets. However, it can also infect beets, fodder beets, chard, and spinach, as well as certain weed species, e.g. fat hen, amaranth, and wild mustard. These plants can therefore also be a source of infection. <\/p>\n\n\n\n<p>Most often, symptoms begin to appear at the end of July, and it is important that control measures are started as soon as possible after infection has been confirmed. In severe attacks, yield losses of up to 40% can occur.<\/p>\n<\/div><\/div>\n\n<\/div><\/div>\n\n<style>.kb-row-layout-id16723_20300b-32 > .kt-row-column-wrap{align-content:start;}:where(.kb-row-layout-id16723_20300b-32 > .kt-row-column-wrap) > .wp-block-kadence-column{justify-content:start;}.kb-row-layout-id16723_20300b-32 > .kt-row-column-wrap{column-gap:var(--global-kb-gap-lg, 4rem);row-gap:var(--global-kb-gap-md, 2rem);max-width:var( --global-content-width, 1350px );padding-left:var(--global-content-edge-padding);padding-right:var(--global-content-edge-padding);padding-top:var(--global-kb-spacing-3xl, 6.5rem);}.kb-row-layout-id16723_20300b-32 > .kt-row-column-wrap > *:nth-child(3n+1 of *:not(style)){grid-column:1 \/ -1;}.kb-row-layout-id16723_20300b-32 > .kt-row-column-wrap{grid-template-columns:repeat(2, minmax(0, 1fr));}.kb-row-layout-id16723_20300b-32 > .kt-row-layout-overlay{opacity:0.30;}@media all and (max-width: 1024px){.kb-row-layout-id16723_20300b-32 > .kt-row-column-wrap{column-gap:var(--global-kb-gap-md, 2rem);row-gap:var(--global-kb-gap-md, 2rem);padding-top:var(--global-kb-spacing-xl, 4rem);padding-bottom:0px;grid-template-columns:repeat(2, minmax(0, 1fr));}}@media all and (max-width: 1024px){.kb-row-layout-id16723_20300b-32 > .kt-row-column-wrap > *:nth-child(3n+1 of *:not(style)){grid-column:1 \/ -1;}}@media all and (max-width: 767px){.kb-row-layout-id16723_20300b-32 > .kt-row-column-wrap{column-gap:var(--global-kb-gap-md, 2rem);row-gap:var(--global-kb-gap-md, 2rem);padding-top:var(--global-kb-spacing-lg, 3rem);grid-template-columns:minmax(0, 1fr);}.kb-row-layout-id16723_20300b-32 > .kt-row-column-wrap > div:not(.added-for-specificity){grid-column:initial;}}<\/style><div class=\"kb-row-layout-wrap kb-row-layout-id16723_20300b-32 alignnone has-theme-palette9-background-color kt-row-has-bg wp-block-kadence-rowlayout\"><div class=\"kt-row-column-wrap kt-has-3-columns kt-row-layout-first-row kt-tab-layout-inherit kt-mobile-layout-row kt-row-valign-top kb-theme-content-width\">\n<style>.kadence-column16723_152ecc-1a > .kt-inside-inner-col,.kadence-column16723_152ecc-1a > .kt-inside-inner-col:before{border-top-left-radius:0px;border-top-right-radius:0px;border-bottom-right-radius:0px;border-bottom-left-radius:0px;}.kadence-column16723_152ecc-1a > .kt-inside-inner-col{column-gap:var(--global-kb-gap-sm, 1rem);}.kadence-column16723_152ecc-1a > .kt-inside-inner-col{flex-direction:column;}.kadence-column16723_152ecc-1a > .kt-inside-inner-col > .aligncenter{width:100%;}.kadence-column16723_152ecc-1a > .kt-inside-inner-col:before{opacity:0.3;}.kadence-column16723_152ecc-1a{position:relative;}@media all and (max-width: 1024px){.kadence-column16723_152ecc-1a > .kt-inside-inner-col{flex-direction:column;justify-content:center;}}@media all and (max-width: 767px){.kadence-column16723_152ecc-1a > .kt-inside-inner-col{flex-direction:column;justify-content:center;}}<\/style>\n<div class=\"wp-block-kadence-column kadence-column16723_152ecc-1a\"><div class=\"kt-inside-inner-col\"><style>.wp-block-kadence-advancedheading.kt-adv-heading16723_c6b876-ae, .wp-block-kadence-advancedheading.kt-adv-heading16723_c6b876-ae[data-kb-block=\"kb-adv-heading16723_c6b876-ae\"]{max-width:500px;font-size:var(--global-kb-font-size-lg, 2rem);line-height:1.4;font-style:normal;}.wp-block-kadence-advancedheading.kt-adv-heading16723_c6b876-ae mark.kt-highlight, .wp-block-kadence-advancedheading.kt-adv-heading16723_c6b876-ae[data-kb-block=\"kb-adv-heading16723_c6b876-ae\"] mark.kt-highlight{font-style:normal;color:#f76a0c;-webkit-box-decoration-break:clone;box-decoration-break:clone;padding-top:0px;padding-right:0px;padding-bottom:0px;padding-left:0px;}.wp-block-kadence-advancedheading.kt-adv-heading16723_c6b876-ae img.kb-inline-image, .wp-block-kadence-advancedheading.kt-adv-heading16723_c6b876-ae[data-kb-block=\"kb-adv-heading16723_c6b876-ae\"] img.kb-inline-image{width:150px;vertical-align:baseline;}<\/style>\n<h2 class=\"kt-adv-heading16723_c6b876-ae wp-block-kadence-advancedheading\" data-kb-block=\"kb-adv-heading16723_c6b876-ae\">At NBR, we conduct inoculated Cercospora trials<\/h2>\n<\/div><\/div>\n\n\n<style>.kadence-column16723_cb8cf2-26 > .kt-inside-inner-col,.kadence-column16723_cb8cf2-26 > .kt-inside-inner-col:before{border-top-left-radius:0px;border-top-right-radius:0px;border-bottom-right-radius:0px;border-bottom-left-radius:0px;}.kadence-column16723_cb8cf2-26 > .kt-inside-inner-col{column-gap:var(--global-kb-gap-sm, 1rem);}.kadence-column16723_cb8cf2-26 > .kt-inside-inner-col{flex-direction:column;}.kadence-column16723_cb8cf2-26 > .kt-inside-inner-col > .aligncenter{width:100%;}.kadence-column16723_cb8cf2-26 > .kt-inside-inner-col:before{opacity:0.3;}.kadence-column16723_cb8cf2-26{position:relative;}@media all and (max-width: 1024px){.kadence-column16723_cb8cf2-26 > .kt-inside-inner-col{flex-direction:column;justify-content:center;}}@media all and (max-width: 767px){.kadence-column16723_cb8cf2-26 > .kt-inside-inner-col{flex-direction:column;justify-content:center;}}<\/style>\n<div class=\"wp-block-kadence-column kadence-column16723_cb8cf2-26\"><div class=\"kt-inside-inner-col\">\n<p>At NBR, we conduct inoculated Cercospora trials both to evaluate variety tolerance and to evaluate control products against Cercospora. We use inoculated trials, where we add the fungus to the trials, to ensure that we achieve an even and strong infection so that the evaluation is reliable.<\/p>\n<\/div><\/div>\n\n\n<style>.kadence-column16723_367e59-be > .kt-inside-inner-col,.kadence-column16723_367e59-be > .kt-inside-inner-col:before{border-top-left-radius:0px;border-top-right-radius:0px;border-bottom-right-radius:0px;border-bottom-left-radius:0px;}.kadence-column16723_367e59-be > .kt-inside-inner-col{column-gap:var(--global-kb-gap-sm, 1rem);}.kadence-column16723_367e59-be > .kt-inside-inner-col{flex-direction:column;}.kadence-column16723_367e59-be > .kt-inside-inner-col > .aligncenter{width:100%;}.kadence-column16723_367e59-be > .kt-inside-inner-col:before{opacity:0.3;}.kadence-column16723_367e59-be{position:relative;}@media all and (max-width: 1024px){.kadence-column16723_367e59-be > .kt-inside-inner-col{flex-direction:column;justify-content:center;}}@media all and (max-width: 767px){.kadence-column16723_367e59-be > .kt-inside-inner-col{flex-direction:column;justify-content:center;}}<\/style>\n<div class=\"wp-block-kadence-column kadence-column16723_367e59-be\"><div class=\"kt-inside-inner-col\">\n<p>During 2025 and the beginning of 2026, NBR has a master\u2019s student working with Cercospora. He followed the development in the field during the summer of 2025 and is working during the winter on method development related to fungicide resistance. Carl-Hugo Jonsson, as he is called, will defend his work during the spring of 2026.<\/p>\n<\/div><\/div>\n\n<\/div><\/div>\n\n<style>.kb-row-layout-id16723_3382cc-1c > .kt-row-column-wrap{align-content:start;}:where(.kb-row-layout-id16723_3382cc-1c > .kt-row-column-wrap) > .wp-block-kadence-column{justify-content:start;}.kb-row-layout-id16723_3382cc-1c > .kt-row-column-wrap{column-gap:var(--global-kb-gap-lg, 4rem);row-gap:var(--global-kb-gap-md, 2rem);max-width:var( --global-content-width, 1350px );padding-left:var(--global-content-edge-padding);padding-right:var(--global-content-edge-padding);padding-top:var(--global-kb-spacing-xl, 4rem);padding-bottom:var(--global-kb-spacing-5xl, 10rem);grid-template-columns:repeat(2, minmax(0, 1fr));}.kb-row-layout-id16723_3382cc-1c > .kt-row-layout-overlay{opacity:0.30;}@media all and (max-width: 1024px){.kb-row-layout-id16723_3382cc-1c > .kt-row-column-wrap{column-gap:var(--global-kb-gap-md, 2rem);row-gap:var(--global-kb-gap-md, 2rem);padding-top:var(--global-kb-spacing-md, 2rem);padding-bottom:var(--global-kb-spacing-xl, 4rem);grid-template-columns:repeat(2, minmax(0, 1fr));}}@media all and (max-width: 767px){.kb-row-layout-id16723_3382cc-1c > .kt-row-column-wrap{column-gap:var(--global-kb-gap-md, 2rem);row-gap:var(--global-kb-gap-md, 2rem);padding-top:var(--global-kb-spacing-md, 2rem);padding-bottom:var(--global-kb-spacing-lg, 3rem);grid-template-columns:minmax(0, 1fr);}}<\/style><div class=\"kb-row-layout-wrap kb-row-layout-id16723_3382cc-1c alignnone has-theme-palette9-background-color kt-row-has-bg wp-block-kadence-rowlayout\"><div class=\"kt-row-column-wrap kt-has-2-columns kt-row-layout-equal kt-tab-layout-inherit kt-mobile-layout-row kt-row-valign-top kt-inner-column-height-full kb-theme-content-width\">\n<style>.kadence-column16723_c6e180-aa > .kt-inside-inner-col,.kadence-column16723_c6e180-aa > .kt-inside-inner-col:before{border-top-left-radius:0px;border-top-right-radius:0px;border-bottom-right-radius:0px;border-bottom-left-radius:0px;}.kadence-column16723_c6e180-aa > .kt-inside-inner-col{column-gap:var(--global-kb-gap-sm, 1rem);}.kadence-column16723_c6e180-aa > .kt-inside-inner-col{flex-direction:column;}.kadence-column16723_c6e180-aa > .kt-inside-inner-col > .aligncenter{width:100%;}.kadence-column16723_c6e180-aa > .kt-inside-inner-col:before{opacity:0.3;}.kadence-column16723_c6e180-aa{position:relative;}@media all and (max-width: 1024px){.kadence-column16723_c6e180-aa > .kt-inside-inner-col{flex-direction:column;justify-content:center;}}@media all and (max-width: 767px){.kadence-column16723_c6e180-aa > .kt-inside-inner-col{flex-direction:column;justify-content:center;}}<\/style>\n<div class=\"wp-block-kadence-column kadence-column16723_c6e180-aa\"><div class=\"kt-inside-inner-col\"><style>.wp-block-kadence-advancedheading.kt-adv-heading16723_10ce3e-cc, .wp-block-kadence-advancedheading.kt-adv-heading16723_10ce3e-cc[data-kb-block=\"kb-adv-heading16723_10ce3e-cc\"]{font-style:normal;}.wp-block-kadence-advancedheading.kt-adv-heading16723_10ce3e-cc mark.kt-highlight, .wp-block-kadence-advancedheading.kt-adv-heading16723_10ce3e-cc[data-kb-block=\"kb-adv-heading16723_10ce3e-cc\"] mark.kt-highlight{font-style:normal;color:#f76a0c;-webkit-box-decoration-break:clone;box-decoration-break:clone;padding-top:0px;padding-right:0px;padding-bottom:0px;padding-left:0px;}.wp-block-kadence-advancedheading.kt-adv-heading16723_10ce3e-cc img.kb-inline-image, .wp-block-kadence-advancedheading.kt-adv-heading16723_10ce3e-cc[data-kb-block=\"kb-adv-heading16723_10ce3e-cc\"] img.kb-inline-image{width:150px;vertical-align:baseline;}<\/style>\n<h2 class=\"kt-adv-heading16723_10ce3e-cc wp-block-kadence-advancedheading\" data-kb-block=\"kb-adv-heading16723_10ce3e-cc\">Articles about Cercospora:<\/h2>\n\n\n<style>.wp-block-kadence-iconlist.kt-svg-icon-list-items16723_754589-ff:not(.this-stops-third-party-issues){margin-top:0px;margin-bottom:0px;}.wp-block-kadence-iconlist.kt-svg-icon-list-items16723_754589-ff ul.kt-svg-icon-list:not(.this-prevents-issues):not(.this-stops-third-party-issues):not(.tijsloc){margin-top:0px;margin-right:0px;margin-bottom:var(--global-kb-spacing-sm, 1.5rem);margin-left:0px;}.wp-block-kadence-iconlist.kt-svg-icon-list-items16723_754589-ff ul.kt-svg-icon-list{grid-row-gap:5px;}.wp-block-kadence-iconlist.kt-svg-icon-list-items16723_754589-ff ul.kt-svg-icon-list .kt-svg-icon-list-item-wrap .kt-svg-icon-list-single{margin-right:10px;}.kt-svg-icon-list-items16723_754589-ff ul.kt-svg-icon-list .kt-svg-icon-list-level-0 .kt-svg-icon-list-single svg{font-size:20px;}<\/style>\n<div class=\"wp-block-kadence-iconlist kt-svg-icon-list-items kt-svg-icon-list-items16723_754589-ff kt-svg-icon-list-columns-1 alignnone\"><ul class=\"kt-svg-icon-list\"><style>.kt-svg-icon-list-item-16723_8b657b-39 .kt-svg-icon-list-text mark.kt-highlight{background-color:unset;font-style:normal;color:#f76a0c;-webkit-box-decoration-break:clone;box-decoration-break:clone;padding-top:0px;padding-right:0px;padding-bottom:0px;padding-left:0px;}<\/style>\n<li class=\"wp-block-kadence-listitem kt-svg-icon-list-item-wrap kt-svg-icon-list-item-16723_8b657b-39\"><span class=\"kb-svg-icon-wrap kb-svg-icon-fe_checkCircle kt-svg-icon-list-single\"><svg viewBox=\"0 0 24 24\"  fill=\"none\" stroke=\"currentColor\" stroke-width=\"2\" stroke-linecap=\"round\" stroke-linejoin=\"round\" xmlns=\"http:\/\/www.w3.org\/2000\/svg\"  aria-hidden=\"true\"><path d=\"M22 11.08V12a10 10 0 1 1-5.93-9.14\"\/><polyline points=\"22 4 12 14.01 9 11.01\"\/><\/svg><\/span><span class=\"kt-svg-icon-list-text\">Betodlaren 2025#4 Stark \u00f6kning av Cercospora<\/span><\/li>\n\n\n<style>.kt-svg-icon-list-item-16723_2a169d-54 .kt-svg-icon-list-text mark.kt-highlight{background-color:unset;font-style:normal;color:#f76a0c;-webkit-box-decoration-break:clone;box-decoration-break:clone;padding-top:0px;padding-right:0px;padding-bottom:0px;padding-left:0px;}<\/style>\n<li class=\"wp-block-kadence-listitem kt-svg-icon-list-item-wrap kt-svg-icon-list-item-16723_2a169d-54\"><span class=\"kb-svg-icon-wrap kb-svg-icon-fe_checkCircle kt-svg-icon-list-single\"><svg viewBox=\"0 0 24 24\"  fill=\"none\" stroke=\"currentColor\" stroke-width=\"2\" stroke-linecap=\"round\" stroke-linejoin=\"round\" xmlns=\"http:\/\/www.w3.org\/2000\/svg\"  aria-hidden=\"true\"><path d=\"M22 11.08V12a10 10 0 1 1-5.93-9.14\"\/><polyline points=\"22 4 12 14.01 9 11.01\"\/><\/svg><\/span><span class=\"kt-svg-icon-list-text\">Betodlaren 2025#2 Lyckade f\u00f6rs\u00f6k med Cercospora<\/span><\/li>\n\n\n<style>.kt-svg-icon-list-item-16723_5b7a03-46 .kt-svg-icon-list-text mark.kt-highlight{background-color:unset;font-style:normal;color:#f76a0c;-webkit-box-decoration-break:clone;box-decoration-break:clone;padding-top:0px;padding-right:0px;padding-bottom:0px;padding-left:0px;}<\/style>\n<li class=\"wp-block-kadence-listitem kt-svg-icon-list-item-wrap kt-svg-icon-list-item-16723_5b7a03-46\"><span class=\"kb-svg-icon-wrap kb-svg-icon-fe_checkCircle kt-svg-icon-list-single\"><svg viewBox=\"0 0 24 24\"  fill=\"none\" stroke=\"currentColor\" stroke-width=\"2\" stroke-linecap=\"round\" stroke-linejoin=\"round\" xmlns=\"http:\/\/www.w3.org\/2000\/svg\"  aria-hidden=\"true\"><path d=\"M22 11.08V12a10 10 0 1 1-5.93-9.14\"\/><polyline points=\"22 4 12 14.01 9 11.01\"\/><\/svg><\/span><span class=\"kt-svg-icon-list-text\">Betodlaren 2024#3 Cercospora \u2013 b\u00e4ttre f\u00f6rekomma \u00e4n f\u00f6rekommas<\/span><\/li>\n\n\n<style>.kt-svg-icon-list-item-16723_d42c1f-70 .kt-svg-icon-list-text mark.kt-highlight{background-color:unset;font-style:normal;color:#f76a0c;-webkit-box-decoration-break:clone;box-decoration-break:clone;padding-top:0px;padding-right:0px;padding-bottom:0px;padding-left:0px;}<\/style>\n<li class=\"wp-block-kadence-listitem kt-svg-icon-list-item-wrap kt-svg-icon-list-item-16723_d42c1f-70\"><span class=\"kb-svg-icon-wrap kb-svg-icon-fe_checkCircle kt-svg-icon-list-single\"><svg viewBox=\"0 0 24 24\"  fill=\"none\" stroke=\"currentColor\" stroke-width=\"2\" stroke-linecap=\"round\" stroke-linejoin=\"round\" xmlns=\"http:\/\/www.w3.org\/2000\/svg\"  aria-hidden=\"true\"><path d=\"M22 11.08V12a10 10 0 1 1-5.93-9.14\"\/><polyline points=\"22 4 12 14.01 9 11.01\"\/><\/svg><\/span><span class=\"kt-svg-icon-list-text\">Sukkerroenyt 2025#4 Meget Cercospora i roemarkerne 2025<\/span><\/li>\n\n\n<style>.kt-svg-icon-list-item-16723_8d658e-19 .kt-svg-icon-list-text mark.kt-highlight{background-color:unset;font-style:normal;color:#f76a0c;-webkit-box-decoration-break:clone;box-decoration-break:clone;padding-top:0px;padding-right:0px;padding-bottom:0px;padding-left:0px;}<\/style>\n<li class=\"wp-block-kadence-listitem kt-svg-icon-list-item-wrap kt-svg-icon-list-item-16723_8d658e-19\"><span class=\"kb-svg-icon-wrap kb-svg-icon-fe_checkCircle kt-svg-icon-list-single\"><svg viewBox=\"0 0 24 24\"  fill=\"none\" stroke=\"currentColor\" stroke-width=\"2\" stroke-linecap=\"round\" stroke-linejoin=\"round\" xmlns=\"http:\/\/www.w3.org\/2000\/svg\"  aria-hidden=\"true\"><path d=\"M22 11.08V12a10 10 0 1 1-5.93-9.14\"\/><polyline points=\"22 4 12 14.01 9 11.01\"\/><\/svg><\/span><span class=\"kt-svg-icon-list-text\">Sukkerroenyt 2025#1 Cercospora \u2013 at v\u00e6re forberedt til fremtiden<\/span><\/li>\n<\/ul><\/div>\n<\/div><\/div>\n\n\n<style>.kadence-column16723_9123e7-ec > .kt-inside-inner-col{min-height:300px;}.kadence-column16723_9123e7-ec > .kt-inside-inner-col,.kadence-column16723_9123e7-ec > .kt-inside-inner-col:before{border-top-left-radius:2em;border-top-right-radius:2em;border-bottom-right-radius:2em;border-bottom-left-radius:2em;}.kadence-column16723_9123e7-ec > .kt-inside-inner-col{column-gap:var(--global-kb-gap-sm, 1rem);}.kadence-column16723_9123e7-ec > .kt-inside-inner-col{flex-direction:column;}.kadence-column16723_9123e7-ec > .kt-inside-inner-col > .aligncenter{width:100%;}.kadence-column16723_9123e7-ec > .kt-inside-inner-col{background-image:url('https:\/\/nordicbeet.nu\/wp-content\/uploads\/IMGL2763-1536x1024.jpg');background-size:cover;background-position:center center;background-attachment:scroll;background-repeat:no-repeat;}.kadence-column16723_9123e7-ec > .kt-inside-inner-col:before{opacity:0.3;}.kadence-column16723_9123e7-ec{position:relative;}@media all and (max-width: 1024px){.kadence-column16723_9123e7-ec > .kt-inside-inner-col{flex-direction:column;justify-content:center;}}@media all and (max-width: 767px){.kadence-column16723_9123e7-ec > .kt-inside-inner-col{flex-direction:column;justify-content:center;}}<\/style>\n<div class=\"wp-block-kadence-column kadence-column16723_9123e7-ec\"><div class=\"kt-inside-inner-col\"><\/div><\/div>\n\n<\/div><\/div>","protected":false},"excerpt":{"rendered":"<p>Cercospora is a serious leaf fungal disease It thrives in warm and humid climates. Optimal conditions for spread and infection are 15\u201335\u00b0C. The most important factor for an infection to occur is that the leaves are moist. The primary spread of infection occurs via spores that are carried by the wind. However, spread can also&#8230;<\/p>\n","protected":false},"author":1,"featured_media":0,"parent":0,"menu_order":0,"comment_status":"closed","ping_status":"closed","template":"","meta":{"_acf_changed":false,"inline_featured_image":false,"_kad_blocks_custom_css":"","_kad_blocks_head_custom_js":"","_kad_blocks_body_custom_js":"","_kad_blocks_footer_custom_js":"","_kad_post_transparent":"","_kad_post_title":"","_kad_post_layout":"","_kad_post_sidebar_id":"","_kad_post_content_style":"","_kad_post_vertical_padding":"","_kad_post_feature":"","_kad_post_feature_position":"","_kad_post_header":false,"_kad_post_footer":false,"_kad_post_classname":"","footnotes":""},"class_list":["post-16723","page","type-page","status-publish","hentry"],"acf":[],"taxonomy_info":[],"featured_image_src_large":false,"author_info":{"display_name":"webto","author_link":"https:\/\/nordicbeet.nu\/en\/author\/webto\/"},"comment_info":0,"_links":{"self":[{"href":"https:\/\/nordicbeet.nu\/en\/wp-json\/wp\/v2\/pages\/16723","targetHints":{"allow":["GET"]}}],"collection":[{"href":"https:\/\/nordicbeet.nu\/en\/wp-json\/wp\/v2\/pages"}],"about":[{"href":"https:\/\/nordicbeet.nu\/en\/wp-json\/wp\/v2\/types\/page"}],"author":[{"embeddable":true,"href":"https:\/\/nordicbeet.nu\/en\/wp-json\/wp\/v2\/users\/1"}],"replies":[{"embeddable":true,"href":"https:\/\/nordicbeet.nu\/en\/wp-json\/wp\/v2\/comments?post=16723"}],"version-history":[{"count":6,"href":"https:\/\/nordicbeet.nu\/en\/wp-json\/wp\/v2\/pages\/16723\/revisions"}],"predecessor-version":[{"id":17401,"href":"https:\/\/nordicbeet.nu\/en\/wp-json\/wp\/v2\/pages\/16723\/revisions\/17401"}],"wp:attachment":[{"href":"https:\/\/nordicbeet.nu\/en\/wp-json\/wp\/v2\/media?parent=16723"}],"curies":[{"name":"wp","href":"https:\/\/api.w.org\/{rel}","templated":true}]}}